{"id":1030,"date":"2022-03-22T14:16:53","date_gmt":"2022-03-22T14:16:53","guid":{"rendered":"http:\/\/rietavomenomokykla.lt\/?page_id=1030"},"modified":"2025-05-27T08:51:46","modified_gmt":"2025-05-27T08:51:46","slug":"vadovas","status":"publish","type":"page","link":"https:\/\/rietavomenomokykla.lt\/index.php\/vadovas\/","title":{"rendered":"Vadovas"},"content":{"rendered":"\t\t<div data-elementor-type=\"wp-page\" data-elementor-id=\"1030\" class=\"elementor elementor-1030\" data-elementor-settings=\"{&quot;ha_cmc_init_switcher&quot;:&quot;no&quot;}\">\n\t\t\t\t\t\t<section class=\"elementor-section elementor-top-section elementor-element elementor-element-557ad40 elementor-section-boxed elementor-section-height-default elementor-section-height-default wpr-particle-no wpr-jarallax-no wpr-parallax-no wpr-sticky-section-no\" data-id=\"557ad40\" data-element_type=\"section\" data-e-type=\"section\" data-settings=\"{&quot;_ha_eqh_enable&quot;:false}\">\n\t\t\t\t\t\t<div class=\"elementor-container elementor-column-gap-default\">\n\t\t\t\t\t<div class=\"elementor-column elementor-col-100 elementor-top-column elementor-element elementor-element-4f3a378\" data-id=\"4f3a378\" data-element_type=\"column\" data-e-type=\"column\">\n\t\t\t<div class=\"elementor-widget-wrap elementor-element-populated\">\n\t\t\t\t\t\t<div class=\"elementor-element elementor-element-d10733c elementor-invisible elementor-widget elementor-widget-image\" data-id=\"d10733c\" data-element_type=\"widget\" data-e-type=\"widget\" data-settings=\"{&quot;_animation&quot;:&quot;fadeIn&quot;}\" data-widget_type=\"image.default\">\n\t\t\t\t<div class=\"elementor-widget-container\">\n\t\t\t\t\t\t\t\t\t\t\t\t\t\t\t<img decoding=\"async\" src=\"http:\/\/rietavomenomokykla.lt\/wp-content\/uploads\/2025\/05\/direktorius-nerijus-jasinskas.pdf\" title=\"\" alt=\"\" loading=\"lazy\" \/>\t\t\t\t\t\t\t\t\t\t\t\t\t\t\t<\/div>\n\t\t\t\t<\/div>\n\t\t\t\t<div class=\"elementor-element elementor-element-a60e02d elementor-invisible elementor-widget elementor-widget-text-editor\" data-id=\"a60e02d\" data-element_type=\"widget\" data-e-type=\"widget\" data-settings=\"{&quot;_animation&quot;:&quot;fadeIn&quot;}\" data-widget_type=\"text-editor.default\">\n\t\t\t\t<div class=\"elementor-widget-container\">\n\t\t\t\t\t\t\t\t\t<p>Nerijus Jasinskas, gim\u0119s 1986 m. kovo 5 d. Kretingoje.<\/p><p>\u0160eimynin\u0117 pad\u0117tis: ved\u0119s, \u017emona Raimonda, turi dukr\u0105 Barbor\u0105 ir s\u016bn\u0173 Leon\u0105.<\/p><p>I\u0161silavinimas:\u00a0<\/p><p>1993 m. \u00a0Kretingos J. Pabr\u0117\u017eos gimnazijoje;<\/p><p>2001 m. Kretingos meno mokykla (klarneto specialyb\u0117)<\/p><p>2005 m. Klaip\u0117dos Stasio \u0160imkaus konservatorija (klarnetas);<\/p><p>2009 m. Klaip\u0117dos universitetas (muzikos bakalauro kvalifikacinis laipsnis);<\/p><p>2011 m. Klaip\u0117dos universitetas (muzikos magistro kvalifikacinis laipsnis)<\/p><p>Darbo patirtis:<\/p><p>2004\u20132014 m. Kretingos rajono kult\u016bros centro Kurmai\u010di\u0173 skyriaus meno vadovas;<\/p><p>2006\u20132007 m. Palangos kult\u016bros centro pu\u010diam\u0173j\u0173 muzikos rengini\u0173 programos vadovas, orkestro kalrnetininkas;<\/p><p>2011\u20132017 m. Klaip\u0117dos karini\u0173 j\u016br\u0173 paj\u0117g\u0173 orkestro inspektorius\/orkestro klarnetininkas;<\/p><p>2016-2019 m. Rietavo kult\u016bros centro Daug\u0117d\u0173 filialo ved\u0117jas;<\/p><p>2011\u20132020 m. Rietavo M. K. Oginskio meno mokyklos pu\u010diam\u0173j\u0173 instr. mokytojas;<\/p><p>2018 m. Rietavo M. K. Oginskio meno mokykla, laikinai einantis pareigas direktorius;<\/p><p>Nuo 2021 m. Rietavo M. K. Oginskio meno mokyklos direktorius.<\/p><p>Visuomenin\u0117 veikla:<\/p><p>Nuo 2023 m. &#8211; Rietavo miesto vietos veiklos grup\u0117s valdybos grup\u0117s narys, atsakingas u\u017e ry\u0161ius su verslu;<\/p><p>Nuo 2023 m. &#8211; Rietavo parapijos pastoracin\u0117s tarybos narys;<\/p><p>Nuo 2022 m. &#8211; Piet\u0173 baltijos regiono projekt\u0173 asociuoto partnerio k\u016brybinis brokeris;<\/p><p>Nuo 2022 m. &#8211; Nacionalinio M. K. \u010ciurlionio kult\u016bros kelio k\u016brybinis partneris;<\/p><p>Nuo 2022 m. &#8211; Kult\u016bros paso ekspertin\u0117s komisijos narys;<\/p><p>Nuo 2020 m. &#8211; Lietuvos muzikos ir meno mokykl\u0173 vadov\u0173 asociacijos narys;<\/p><p>Nuo 2024 m. &#8211; Rietavo kra\u0161tie\u010di\u0173 klubo narys;<\/p><p>Nuo 2024 m. Lietuvos muzik\u0173 s\u0105jungos narys. Meno k\u016br\u0117jo statusas suteiktas 2024 09 20 LR Kult\u016bros ministro \u012fsakymu \u012eV-751 ;<\/p><p>Pom\u0117giai:\u00a0<\/p><p>Esu 3D spausdinimo inovacij\u0173 \u012fmon\u0117s MB Future Clay savininkas ir \u012fk\u016br\u0117jas (kuriu muzikantams darb\u0105 lengvinan\u010dius i\u0161radimus ir kt.);\u00a0<\/p><p>Rimtesn\u0117 organizacin\u0117 patirtis:<\/p><p>2018 m. Tarptautinis kamerin\u0117s muzikos festivalis &#8211; konkursas ,,Mykolo Kleopo Oginskio k\u016brybos perlai&#8221;<\/p><p>2020 m. nuotolinis Tarptautinis kamerin\u0117s muzikos festivalis &#8211; konkursas ,,Mykolo Kleopo Oginskio k\u016brybos perlai&#8221;<\/p><p>2023 m. Tarptautinis kamerin\u0117s muzikos festivalis &#8211; konkursas ,,Mykolo Kleopo Oginskio k\u016brybos perlai&#8221;\u00a0<\/p><p>2025 m.\u00a0<span style=\"font-size: 1.25rem;\">Tarptautinis kamerin\u0117s muzikos festivalis &#8211; konkursas ,,Mykolo Kleopo Oginskio k\u016brybos perlai &#8211; ATEI\u010cIAI&#8221; pagrindinis organizatorius<\/span><\/p>\t\t\t\t\t\t\t\t<\/div>\n\t\t\t\t<\/div>\n\t\t\t\t\t<\/div>\n\t\t<\/div>\n\t\t\t\t\t<\/div>\n\t\t<\/section>\n\t\t\t\t<\/div>\n\t\t","protected":false},"excerpt":{"rendered":"<p>Nerijus Jasinskas, gim\u0119s 1986 m. kovo 5 d. Kretingoje. \u0160eimynin\u0117 pad\u0117tis: ved\u0119s, \u017emona Raimonda, turi dukr\u0105 Barbor\u0105 ir s\u016bn\u0173 Leon\u0105. I\u0161silavinimas:\u00a0 1993 m. \u00a0Kretingos J.<\/p>\n<p><a href=\"https:\/\/rietavomenomokykla.lt\/index.php\/vadovas\/\" class=\"more-link\">Continue reading<span class=\"screen-reader-text\">Vadovas<\/span><\/a><\/p>\n","protected":false},"author":1,"featured_media":0,"parent":0,"menu_order":0,"comment_status":"closed","ping_status":"closed","template":"","meta":{"_monsterinsights_skip_tracking":false,"_monsterinsights_sitenote_active":false,"_monsterinsights_sitenote_note":"","_monsterinsights_sitenote_category":0,"footnotes":""},"class_list":["post-1030","page","type-page","status-publish","hentry"],"_links":{"self":[{"href":"https:\/\/rietavomenomokykla.lt\/index.php\/wp-json\/wp\/v2\/pages\/1030","targetHints":{"allow":["GET"]}}],"collection":[{"href":"https:\/\/rietavomenomokykla.lt\/index.php\/wp-json\/wp\/v2\/pages"}],"about":[{"href":"https:\/\/rietavomenomokykla.lt\/index.php\/wp-json\/wp\/v2\/types\/page"}],"author":[{"embeddable":true,"href":"https:\/\/rietavomenomokykla.lt\/index.php\/wp-json\/wp\/v2\/users\/1"}],"replies":[{"embeddable":true,"href":"https:\/\/rietavomenomokykla.lt\/index.php\/wp-json\/wp\/v2\/comments?post=1030"}],"version-history":[{"count":34,"href":"https:\/\/rietavomenomokykla.lt\/index.php\/wp-json\/wp\/v2\/pages\/1030\/revisions"}],"predecessor-version":[{"id":3883,"href":"https:\/\/rietavomenomokykla.lt\/index.php\/wp-json\/wp\/v2\/pages\/1030\/revisions\/3883"}],"wp:attachment":[{"href":"https:\/\/rietavomenomokykla.lt\/index.php\/wp-json\/wp\/v2\/media?parent=1030"}],"curies":[{"name":"wp","href":"https:\/\/api.w.org\/{rel}","templated":true}]}}