{"id":1032,"date":"2022-03-22T14:17:21","date_gmt":"2022-03-22T14:17:21","guid":{"rendered":"http:\/\/rietavomenomokykla.lt\/?page_id=1032"},"modified":"2022-03-23T08:37:42","modified_gmt":"2022-03-23T08:37:42","slug":"meno-kolektyvai","status":"publish","type":"page","link":"https:\/\/rietavomenomokykla.lt\/index.php\/meno-kolektyvai\/","title":{"rendered":"Meno kolektyvai"},"content":{"rendered":"\t\t<div data-elementor-type=\"wp-page\" data-elementor-id=\"1032\" class=\"elementor elementor-1032\" data-elementor-settings=\"{&quot;ha_cmc_init_switcher&quot;:&quot;no&quot;}\">\n\t\t\t\t\t\t<section class=\"elementor-section elementor-top-section elementor-element elementor-element-4bd8b3a elementor-section-boxed elementor-section-height-default elementor-section-height-default wpr-particle-no wpr-jarallax-no wpr-parallax-no wpr-sticky-section-no\" data-id=\"4bd8b3a\" data-element_type=\"section\" data-e-type=\"section\" data-settings=\"{&quot;_ha_eqh_enable&quot;:false}\">\n\t\t\t\t\t\t<div class=\"elementor-container elementor-column-gap-default\">\n\t\t\t\t\t<div class=\"elementor-column elementor-col-100 elementor-top-column elementor-element elementor-element-a593329\" data-id=\"a593329\" data-element_type=\"column\" data-e-type=\"column\">\n\t\t\t<div class=\"elementor-widget-wrap elementor-element-populated\">\n\t\t\t\t\t\t<div class=\"elementor-element elementor-element-0978e15 elementor-invisible elementor-widget elementor-widget-image\" data-id=\"0978e15\" data-element_type=\"widget\" data-e-type=\"widget\" data-settings=\"{&quot;_animation&quot;:&quot;fadeIn&quot;}\" data-widget_type=\"image.default\">\n\t\t\t\t<div class=\"elementor-widget-container\">\n\t\t\t\t\t\t\t\t\t\t\t\t\t\t\t<img fetchpriority=\"high\" decoding=\"async\" width=\"960\" height=\"640\" src=\"https:\/\/rietavomenomokykla.lt\/wp-content\/uploads\/2022\/03\/29063660_10209206817765886_4790353436715515904_n.jpg\" class=\"attachment-full size-full wp-image-1119\" alt=\"\" srcset=\"https:\/\/rietavomenomokykla.lt\/wp-content\/uploads\/2022\/03\/29063660_10209206817765886_4790353436715515904_n.jpg 960w, https:\/\/rietavomenomokykla.lt\/wp-content\/uploads\/2022\/03\/29063660_10209206817765886_4790353436715515904_n-300x200.jpg 300w, https:\/\/rietavomenomokykla.lt\/wp-content\/uploads\/2022\/03\/29063660_10209206817765886_4790353436715515904_n-768x512.jpg 768w\" sizes=\"(max-width: 960px) 100vw, 960px\" \/>\t\t\t\t\t\t\t\t\t\t\t\t\t\t\t<\/div>\n\t\t\t\t<\/div>\n\t\t\t\t<div class=\"elementor-element elementor-element-319f801 elementor-invisible elementor-widget elementor-widget-heading\" data-id=\"319f801\" data-element_type=\"widget\" data-e-type=\"widget\" data-settings=\"{&quot;_animation&quot;:&quot;fadeInRight&quot;}\" data-widget_type=\"heading.default\">\n\t\t\t\t<div class=\"elementor-widget-container\">\n\t\t\t\t\t<h2 class=\"elementor-heading-title elementor-size-default\">Pu\u010diam\u0173j\u0173 instrument\u0173 orkestras,\nvadovaujamas\n Sigito Saukalo ir Algimanto Kr\u0117p\u0161tos<\/h2>\t\t\t\t<\/div>\n\t\t\t\t<\/div>\n\t\t\t\t\t<\/div>\n\t\t<\/div>\n\t\t\t\t\t<\/div>\n\t\t<\/section>\n\t\t\t\t<section class=\"elementor-section elementor-top-section elementor-element elementor-element-66de288 elementor-section-boxed elementor-section-height-default elementor-section-height-default wpr-particle-no wpr-jarallax-no wpr-parallax-no wpr-sticky-section-no\" data-id=\"66de288\" data-element_type=\"section\" data-e-type=\"section\" data-settings=\"{&quot;_ha_eqh_enable&quot;:false}\">\n\t\t\t\t\t\t<div class=\"elementor-container elementor-column-gap-default\">\n\t\t\t\t\t<div class=\"elementor-column elementor-col-100 elementor-top-column elementor-element elementor-element-29ac9f6\" data-id=\"29ac9f6\" data-element_type=\"column\" data-e-type=\"column\">\n\t\t\t<div class=\"elementor-widget-wrap elementor-element-populated\">\n\t\t\t\t\t\t<div class=\"elementor-element elementor-element-aebeeff elementor-invisible elementor-widget elementor-widget-image\" data-id=\"aebeeff\" data-element_type=\"widget\" data-e-type=\"widget\" data-settings=\"{&quot;_animation&quot;:&quot;fadeIn&quot;}\" data-widget_type=\"image.default\">\n\t\t\t\t<div class=\"elementor-widget-container\">\n\t\t\t\t\t\t\t\t\t\t\t\t\t\t\t<img decoding=\"async\" width=\"2560\" height=\"1474\" src=\"https:\/\/rietavomenomokykla.lt\/wp-content\/uploads\/2022\/03\/Jauniu-Choras-scaled.jpg\" class=\"attachment-full size-full wp-image-1123\" alt=\"\" srcset=\"https:\/\/rietavomenomokykla.lt\/wp-content\/uploads\/2022\/03\/Jauniu-Choras-scaled.jpg 2560w, https:\/\/rietavomenomokykla.lt\/wp-content\/uploads\/2022\/03\/Jauniu-Choras-300x173.jpg 300w, https:\/\/rietavomenomokykla.lt\/wp-content\/uploads\/2022\/03\/Jauniu-Choras-1024x590.jpg 1024w, https:\/\/rietavomenomokykla.lt\/wp-content\/uploads\/2022\/03\/Jauniu-Choras-768x442.jpg 768w, https:\/\/rietavomenomokykla.lt\/wp-content\/uploads\/2022\/03\/Jauniu-Choras-1536x885.jpg 1536w, https:\/\/rietavomenomokykla.lt\/wp-content\/uploads\/2022\/03\/Jauniu-Choras-2048x1180.jpg 2048w\" sizes=\"(max-width: 2560px) 100vw, 2560px\" \/>\t\t\t\t\t\t\t\t\t\t\t\t\t\t\t<\/div>\n\t\t\t\t<\/div>\n\t\t\t\t<div class=\"elementor-element elementor-element-9830bd9 elementor-invisible elementor-widget elementor-widget-heading\" data-id=\"9830bd9\" data-element_type=\"widget\" data-e-type=\"widget\" data-settings=\"{&quot;_animation&quot;:&quot;fadeInRight&quot;}\" data-widget_type=\"heading.default\">\n\t\t\t\t<div class=\"elementor-widget-container\">\n\t\t\t\t\t<h2 class=\"elementor-heading-title elementor-size-default\">Jauni\u0173 choras, vadovaujamas Vilmos Jokubauskait\u0117s<\/h2>\t\t\t\t<\/div>\n\t\t\t\t<\/div>\n\t\t\t\t\t<\/div>\n\t\t<\/div>\n\t\t\t\t\t<\/div>\n\t\t<\/section>\n\t\t\t\t<section class=\"elementor-section elementor-top-section elementor-element elementor-element-a1a9920 elementor-section-boxed elementor-section-height-default elementor-section-height-default wpr-particle-no wpr-jarallax-no wpr-parallax-no wpr-sticky-section-no\" data-id=\"a1a9920\" data-element_type=\"section\" data-e-type=\"section\" data-settings=\"{&quot;_ha_eqh_enable&quot;:false}\">\n\t\t\t\t\t\t<div class=\"elementor-container elementor-column-gap-default\">\n\t\t\t\t\t<div class=\"elementor-column elementor-col-100 elementor-top-column elementor-element elementor-element-f3b08c2\" data-id=\"f3b08c2\" data-element_type=\"column\" data-e-type=\"column\">\n\t\t\t<div class=\"elementor-widget-wrap elementor-element-populated\">\n\t\t\t\t\t\t<div class=\"elementor-element elementor-element-b507e29 elementor-invisible elementor-widget elementor-widget-image\" data-id=\"b507e29\" data-element_type=\"widget\" data-e-type=\"widget\" data-settings=\"{&quot;_animation&quot;:&quot;fadeIn&quot;}\" data-widget_type=\"image.default\">\n\t\t\t\t<div class=\"elementor-widget-container\">\n\t\t\t\t\t\t\t\t\t\t\t\t\t\t\t<img decoding=\"async\" width=\"2560\" height=\"1028\" src=\"https:\/\/rietavomenomokykla.lt\/wp-content\/uploads\/2022\/03\/DSCN8456gera4-scaled.jpg\" class=\"attachment-full size-full wp-image-1124\" alt=\"\" srcset=\"https:\/\/rietavomenomokykla.lt\/wp-content\/uploads\/2022\/03\/DSCN8456gera4-scaled.jpg 2560w, https:\/\/rietavomenomokykla.lt\/wp-content\/uploads\/2022\/03\/DSCN8456gera4-300x120.jpg 300w, https:\/\/rietavomenomokykla.lt\/wp-content\/uploads\/2022\/03\/DSCN8456gera4-1024x411.jpg 1024w, https:\/\/rietavomenomokykla.lt\/wp-content\/uploads\/2022\/03\/DSCN8456gera4-768x308.jpg 768w, https:\/\/rietavomenomokykla.lt\/wp-content\/uploads\/2022\/03\/DSCN8456gera4-1536x617.jpg 1536w, https:\/\/rietavomenomokykla.lt\/wp-content\/uploads\/2022\/03\/DSCN8456gera4-2048x822.jpg 2048w\" sizes=\"(max-width: 2560px) 100vw, 2560px\" \/>\t\t\t\t\t\t\t\t\t\t\t\t\t\t\t<\/div>\n\t\t\t\t<\/div>\n\t\t\t\t<div class=\"elementor-element elementor-element-c0122b1 elementor-invisible elementor-widget elementor-widget-heading\" data-id=\"c0122b1\" data-element_type=\"widget\" data-e-type=\"widget\" data-settings=\"{&quot;_animation&quot;:&quot;fadeInRight&quot;}\" data-widget_type=\"heading.default\">\n\t\t\t\t<div class=\"elementor-widget-container\">\n\t\t\t\t\t<h2 class=\"elementor-heading-title elementor-size-default\">Smuikinink\u0173 ansamblis, vadovaukamas Daivos Bielkauskien\u0117s<\/h2>\t\t\t\t<\/div>\n\t\t\t\t<\/div>\n\t\t\t\t\t<\/div>\n\t\t<\/div>\n\t\t\t\t\t<\/div>\n\t\t<\/section>\n\t\t\t\t<\/div>\n\t\t","protected":false},"excerpt":{"rendered":"<p>Pu\u010diam\u0173j\u0173 instrument\u0173 orkestras, vadovaujamas Sigito Saukalo ir Algimanto Kr\u0117p\u0161tos Jauni\u0173 choras, vadovaujamas Vilmos Jokubauskait\u0117s Smuikinink\u0173 ansamblis, vadovaukamas Daivos Bielkauskien\u0117s<\/p>\n","protected":false},"author":1,"featured_media":0,"parent":0,"menu_order":0,"comment_status":"closed","ping_status":"closed","template":"","meta":{"_monsterinsights_skip_tracking":false,"_monsterinsights_sitenote_active":false,"_monsterinsights_sitenote_note":"","_monsterinsights_sitenote_category":0,"footnotes":""},"class_list":["post-1032","page","type-page","status-publish","hentry"],"_links":{"self":[{"href":"https:\/\/rietavomenomokykla.lt\/index.php\/wp-json\/wp\/v2\/pages\/1032","targetHints":{"allow":["GET"]}}],"collection":[{"href":"https:\/\/rietavomenomokykla.lt\/index.php\/wp-json\/wp\/v2\/pages"}],"about":[{"href":"https:\/\/rietavomenomokykla.lt\/index.php\/wp-json\/wp\/v2\/types\/page"}],"author":[{"embeddable":true,"href":"https:\/\/rietavomenomokykla.lt\/index.php\/wp-json\/wp\/v2\/users\/1"}],"replies":[{"embeddable":true,"href":"https:\/\/rietavomenomokykla.lt\/index.php\/wp-json\/wp\/v2\/comments?post=1032"}],"version-history":[{"count":7,"href":"https:\/\/rietavomenomokykla.lt\/index.php\/wp-json\/wp\/v2\/pages\/1032\/revisions"}],"predecessor-version":[{"id":1127,"href":"https:\/\/rietavomenomokykla.lt\/index.php\/wp-json\/wp\/v2\/pages\/1032\/revisions\/1127"}],"wp:attachment":[{"href":"https:\/\/rietavomenomokykla.lt\/index.php\/wp-json\/wp\/v2\/media?parent=1032"}],"curies":[{"name":"wp","href":"https:\/\/api.w.org\/{rel}","templated":true}]}}