{"id":1464,"date":"2022-04-26T07:39:52","date_gmt":"2022-04-26T07:39:52","guid":{"rendered":"http:\/\/rietavomenomokykla.lt\/?page_id=1464"},"modified":"2024-03-21T10:05:09","modified_gmt":"2024-03-21T10:05:09","slug":"parama","status":"publish","type":"page","link":"https:\/\/rietavomenomokykla.lt\/index.php\/parama\/","title":{"rendered":"Parama"},"content":{"rendered":"\t\t<div data-elementor-type=\"wp-page\" data-elementor-id=\"1464\" class=\"elementor elementor-1464\" data-elementor-settings=\"{&quot;ha_cmc_init_switcher&quot;:&quot;no&quot;}\">\n\t\t\t\t\t\t<section class=\"elementor-section elementor-top-section elementor-element elementor-element-eb04522 elementor-section-boxed elementor-section-height-default elementor-section-height-default wpr-particle-no wpr-jarallax-no wpr-parallax-no wpr-sticky-section-no\" data-id=\"eb04522\" data-element_type=\"section\" data-e-type=\"section\" data-settings=\"{&quot;_ha_eqh_enable&quot;:false}\">\n\t\t\t\t\t\t<div class=\"elementor-container elementor-column-gap-default\">\n\t\t\t\t\t<div class=\"elementor-column elementor-col-100 elementor-top-column elementor-element elementor-element-79b86e9\" data-id=\"79b86e9\" data-element_type=\"column\" data-e-type=\"column\">\n\t\t\t<div class=\"elementor-widget-wrap elementor-element-populated\">\n\t\t\t\t\t\t<div class=\"elementor-element elementor-element-db8a77a elementor-widget elementor-widget-heading\" data-id=\"db8a77a\" data-element_type=\"widget\" data-e-type=\"widget\" data-widget_type=\"heading.default\">\n\t\t\t\t<div class=\"elementor-widget-container\">\n\t\t\t\t\t<h4 class=\"elementor-heading-title elementor-size-default\">1,2 % PARAMA MOKYKLAI\n\nVisus neabejingus muzikai ir menui, kvie\u010diame tapti m\u016bs\u0173 mokyklos r\u0117m\u0117jais.\n\n1,2 % paramos teikimo b\u016bdas gyventojams nieko nekainuoja, nes pagal Lietuvos Respublikos gyventoj\u0173 pajam\u0173 mokes\u010dio \u012fstatymo 34 straipsnio 3 dalies nuostatas \u2013 nuo per mokestin\u012f laikotarp\u012f (kalendorinius metus) gaut\u0173 pajam\u0173 i\u0161skai\u010diuota (mok\u0117tina) pajam\u0173 mokes\u010dio dalimi (iki 1,2 %) galima paremti pasirinkt\u0105 subjekt\u0105, kuris pagal Lietuvos Respublikos labdaros ir paramos \u012fstatym\u0105 turi teis\u0119 gauti param\u0105. Visi J\u016bs\u0173 skirti pinigai bus panaudoti mokyklos modernizavimui, mokymo s\u0105lyg\u0173 gerinimui.\n\nTai galite padaryti 2 b\u016bdais:\n\nmokyklos kodas \u2013 291816990,\n\u012fstaigos pavadinimas \u2013 Rietavo Mykolo Kleopo Oginskio meno mokykla,\nadresas \u2013 Parko g. 10, 90311 Rietavas,\nbankas \u2013 SWEDBANK,\nS\u0105skaitos Nr. \u2013 LT377300010083463234\n\n1. Galite pra\u0161ymo form\u0105 (FR0512) atsispausdinti i\u0161 VMI svetain\u0117s www.vmi.lt\n\n2. Galite jungtis prie Elektroninio deklaravimo sistemos ir internetu u\u017epildyti pra\u0161ymo form\u0105 (FR0512) www.deklaravimas.vmi.lt.<\/h4>\t\t\t\t<\/div>\n\t\t\t\t<\/div>\n\t\t\t\t<div class=\"elementor-element elementor-element-3bd44be elementor-widget elementor-widget-heading\" data-id=\"3bd44be\" data-element_type=\"widget\" data-e-type=\"widget\" data-widget_type=\"heading.default\">\n\t\t\t\t<div class=\"elementor-widget-container\">\n\t\t\t\t\t<h2 class=\"elementor-heading-title elementor-size-default\">Taip pat <br>Param\u0105 galite skirti pervesdami vienkartin\u0119 sum\u0105 \u012f meno mokyklos paramos s\u0105skait\u0105 LT377300010083463234 <\/h2>\t\t\t\t<\/div>\n\t\t\t\t<\/div>\n\t\t\t\t<div class=\"elementor-element elementor-element-d65ca97 elementor-widget elementor-widget-spacer\" data-id=\"d65ca97\" data-element_type=\"widget\" data-e-type=\"widget\" data-widget_type=\"spacer.default\">\n\t\t\t\t<div class=\"elementor-widget-container\">\n\t\t\t\t\t\t\t<div class=\"elementor-spacer\">\n\t\t\t<div class=\"elementor-spacer-inner\"><\/div>\n\t\t<\/div>\n\t\t\t\t\t\t<\/div>\n\t\t\t\t<\/div>\n\t\t\t\t<div data-ha-element-link=\"{&quot;url&quot;:&quot;https:\\\/\\\/contribee.com\\\/rietavo-m-k-oginskio-meno-mokykla#\\\/&quot;,&quot;is_external&quot;:&quot;&quot;,&quot;nofollow&quot;:&quot;&quot;}\" style=\"cursor: pointer\" class=\"elementor-element elementor-element-37ea197 elementor-widget elementor-widget-heading\" data-id=\"37ea197\" data-element_type=\"widget\" data-e-type=\"widget\" data-widget_type=\"heading.default\">\n\t\t\t\t<div class=\"elementor-widget-container\">\n\t\t\t\t\t<h2 class=\"elementor-heading-title elementor-size-default\">arba \nprenumeruoti kasm\u0117nesin\u0119 param\u0105<\/h2>\t\t\t\t<\/div>\n\t\t\t\t<\/div>\n\t\t\t\t<div class=\"elementor-element elementor-element-28d7bdd elementor-align-center elementor-widget elementor-widget-button\" data-id=\"28d7bdd\" data-element_type=\"widget\" data-e-type=\"widget\" data-widget_type=\"button.default\">\n\t\t\t\t<div class=\"elementor-widget-container\">\n\t\t\t\t\t\t\t\t\t<div class=\"elementor-button-wrapper\">\n\t\t\t\t\t<a class=\"elementor-button elementor-button-link elementor-size-sm\" href=\"https:\/\/contribee.com\/rietavo-m-k-oginskio-meno-mokykla#\/\">\n\t\t\t\t\t\t<span class=\"elementor-button-content-wrapper\">\n\t\t\t\t\t\t\t\t\t<span class=\"elementor-button-text\">Prenumeruoti<\/span>\n\t\t\t\t\t<\/span>\n\t\t\t\t\t<\/a>\n\t\t\t\t<\/div>\n\t\t\t\t\t\t\t\t<\/div>\n\t\t\t\t<\/div>\n\t\t\t\t\t<\/div>\n\t\t<\/div>\n\t\t\t\t\t<\/div>\n\t\t<\/section>\n\t\t\t\t<\/div>\n\t\t","protected":false},"excerpt":{"rendered":"<p>1,2 % PARAMA MOKYKLAI Visus neabejingus muzikai ir menui, kvie\u010diame tapti m\u016bs\u0173 mokyklos r\u0117m\u0117jais. 1,2 % paramos teikimo b\u016bdas gyventojams nieko nekainuoja, nes pagal Lietuvos<\/p>\n<p><a href=\"https:\/\/rietavomenomokykla.lt\/index.php\/parama\/\" class=\"more-link\">Continue reading<span class=\"screen-reader-text\">Parama<\/span><\/a><\/p>\n","protected":false},"author":1,"featured_media":0,"parent":0,"menu_order":0,"comment_status":"closed","ping_status":"closed","template":"","meta":{"_monsterinsights_skip_tracking":false,"_monsterinsights_sitenote_active":false,"_monsterinsights_sitenote_note":"","_monsterinsights_sitenote_category":0,"footnotes":""},"class_list":["post-1464","page","type-page","status-publish","hentry"],"_links":{"self":[{"href":"https:\/\/rietavomenomokykla.lt\/index.php\/wp-json\/wp\/v2\/pages\/1464","targetHints":{"allow":["GET"]}}],"collection":[{"href":"https:\/\/rietavomenomokykla.lt\/index.php\/wp-json\/wp\/v2\/pages"}],"about":[{"href":"https:\/\/rietavomenomokykla.lt\/index.php\/wp-json\/wp\/v2\/types\/page"}],"author":[{"embeddable":true,"href":"https:\/\/rietavomenomokykla.lt\/index.php\/wp-json\/wp\/v2\/users\/1"}],"replies":[{"embeddable":true,"href":"https:\/\/rietavomenomokykla.lt\/index.php\/wp-json\/wp\/v2\/comments?post=1464"}],"version-history":[{"count":28,"href":"https:\/\/rietavomenomokykla.lt\/index.php\/wp-json\/wp\/v2\/pages\/1464\/revisions"}],"predecessor-version":[{"id":3562,"href":"https:\/\/rietavomenomokykla.lt\/index.php\/wp-json\/wp\/v2\/pages\/1464\/revisions\/3562"}],"wp:attachment":[{"href":"https:\/\/rietavomenomokykla.lt\/index.php\/wp-json\/wp\/v2\/media?parent=1464"}],"curies":[{"name":"wp","href":"https:\/\/api.w.org\/{rel}","templated":true}]}}