{"id":18,"date":"2021-06-30T08:03:43","date_gmt":"2021-06-30T08:03:43","guid":{"rendered":"http:\/\/rietavomenomokykla.lt\/?page_id=18"},"modified":"2025-12-02T08:20:20","modified_gmt":"2025-12-02T08:20:20","slug":"apie-mus","status":"publish","type":"page","link":"https:\/\/rietavomenomokykla.lt\/index.php\/apie-mus\/","title":{"rendered":"Istorija"},"content":{"rendered":"\t\t<div data-elementor-type=\"wp-page\" data-elementor-id=\"18\" class=\"elementor elementor-18\" data-elementor-settings=\"{&quot;ha_cmc_init_switcher&quot;:&quot;no&quot;}\">\n\t\t\t\t\t\t<section class=\"elementor-section elementor-top-section elementor-element elementor-element-91b016f elementor-section-boxed elementor-section-height-default elementor-section-height-default wpr-particle-no wpr-jarallax-no wpr-parallax-no wpr-sticky-section-no\" data-id=\"91b016f\" data-element_type=\"section\" data-e-type=\"section\" data-settings=\"{&quot;_ha_eqh_enable&quot;:false}\">\n\t\t\t\t\t\t<div class=\"elementor-container elementor-column-gap-default\">\n\t\t\t\t\t<div class=\"elementor-column elementor-col-100 elementor-top-column elementor-element elementor-element-e8cfc6f\" data-id=\"e8cfc6f\" data-element_type=\"column\" data-e-type=\"column\">\n\t\t\t<div class=\"elementor-widget-wrap elementor-element-populated\">\n\t\t\t\t\t\t<div class=\"elementor-element elementor-element-ab030d4 elementor-widget elementor-widget-image\" data-id=\"ab030d4\" data-element_type=\"widget\" data-e-type=\"widget\" data-widget_type=\"image.default\">\n\t\t\t\t<div class=\"elementor-widget-container\">\n\t\t\t\t\t\t\t\t\t\t\t\t\t\t\t<img fetchpriority=\"high\" decoding=\"async\" width=\"797\" height=\"581\" src=\"https:\/\/rietavomenomokykla.lt\/wp-content\/uploads\/2021\/06\/Screenshot-2021-06-30-at-16.31.32.png\" class=\"attachment-large size-large wp-image-195\" alt=\"\" srcset=\"https:\/\/rietavomenomokykla.lt\/wp-content\/uploads\/2021\/06\/Screenshot-2021-06-30-at-16.31.32.png 797w, https:\/\/rietavomenomokykla.lt\/wp-content\/uploads\/2021\/06\/Screenshot-2021-06-30-at-16.31.32-300x219.png 300w, https:\/\/rietavomenomokykla.lt\/wp-content\/uploads\/2021\/06\/Screenshot-2021-06-30-at-16.31.32-768x560.png 768w\" sizes=\"(max-width: 797px) 100vw, 797px\" \/>\t\t\t\t\t\t\t\t\t\t\t\t\t\t\t<\/div>\n\t\t\t\t<\/div>\n\t\t\t\t\t<\/div>\n\t\t<\/div>\n\t\t\t\t\t<\/div>\n\t\t<\/section>\n\t\t\t\t<section class=\"elementor-section elementor-top-section elementor-element elementor-element-41df4a96 elementor-section-boxed elementor-section-height-default elementor-section-height-default wpr-particle-no wpr-jarallax-no wpr-parallax-no wpr-sticky-section-no\" data-id=\"41df4a96\" data-element_type=\"section\" data-e-type=\"section\" data-settings=\"{&quot;_ha_eqh_enable&quot;:false}\">\n\t\t\t\t\t\t<div class=\"elementor-container elementor-column-gap-default\">\n\t\t\t\t\t<div class=\"elementor-column elementor-col-100 elementor-top-column elementor-element elementor-element-bac8351\" data-id=\"bac8351\" data-element_type=\"column\" data-e-type=\"column\">\n\t\t\t<div class=\"elementor-widget-wrap elementor-element-populated\">\n\t\t\t\t\t\t<div class=\"elementor-element elementor-element-2d06ebb7 elementor-widget elementor-widget-text-editor\" data-id=\"2d06ebb7\" data-element_type=\"widget\" data-e-type=\"widget\" data-widget_type=\"text-editor.default\">\n\t\t\t\t<div class=\"elementor-widget-container\">\n\t\t\t\t\t\t\t\t\t<p><\/p>\n<p><strong>Rietavo Mykolo Kleopo Oginskio meno mokyklos istorija&nbsp;<\/strong><\/p>\n<p><\/p>\n<p>&nbsp;&nbsp;&nbsp;&nbsp;&nbsp;&nbsp;&nbsp; Mykolo Kleopo Oginskio Rietavo meno mokyklos prad\u017eia siejama su Rietavo Oginski\u0173 dvaro r\u016bmais ir j\u0173 savininkais: Mykolu Kleopu Oginskiu, jo s\u016bnumi \u2013 Iren\u0117jumi bei vaikai\u010diu \u2013 Bogdanu. Oginskiai savo dvarus tvark\u0117 Vakar\u0173 Europos pavyzd\u017eiu: pl\u0117tojo pramon\u0119, dieg\u0117 \u012fvairias mokslo, technikos, \u016bkio naujoves, bet daugiausia Rietavas gars\u0117jo kult\u016bros puosel\u0117jimu.<\/p>\n<p><\/p>\n<p>Paskutinis Rietavo Oginski\u0173 dvaro savininkas \u2013 Bogdanas&nbsp; \u2013 gars\u0117jo mecenatyste, buvo geras muzikos \u017einovas. 1872 m., sulauk\u0119s 24 met\u0173 am\u017eiaus, jaunasis Bogdanas atidar\u0117 pirm\u0105j\u0105 Lietuvoje \u0161e\u0161iamet\u0119 muzikos mokykl\u0105, kuri gyvavo iki 1909 m. Mokykla i\u0161ugd\u0117 daug gabi\u0173 muzikant\u0173. Iki 1880 m. jai vadovavo Juozas Kalvaitis, 1880\u20131906 metais Rietavo muzikos vadovas buvo \u010dekas Jozefas Ma\u0161ekas. Prie Rietavo muzikant\u0173 lavinimo yra prisid\u0117j\u0119s ir Var\u0161uvos konservatorijos vargon\u0173 klas\u0117s profesorius Aloyzas Butkevi\u010dius (su studij\u0173 pertrauka 1880\u20131889 m.) bei pus\u0119 met\u0173 Rietave vargonininkav\u0119s Juozas Naujalis (1891\u20131892 m.).&nbsp;<\/p>\n<p><\/p>\n<p><strong>&nbsp; &nbsp; &nbsp; &nbsp; &nbsp; &nbsp; &nbsp; &nbsp;Atkurtoji Rietavo muzikos mokykla<\/strong><\/p>\n<p><\/p>\n<p>\u0116jo metai, de\u0161imtme\u010diai, bet neatsirasdavo \u017emoni\u0173, kurie paj\u0117gt\u0173 Rietave atkurti muzikos mokykl\u0105. 1967&nbsp;m. prie vidurin\u0117s mokyklos \u012fsteigiama visuomeniniais pagrindais veikianti muzikos mokykla. Endriejave dirb\u0119s muzikos mokytojas Petras Vi\u0161inskis sutiko \u0161e\u0161tadieniais ir sekmadieniais va\u017ein\u0117ti \u012f Rietav\u0105 ir vaikus mokyti muzikos. Atrink\u0119s apie 15\u201320 gabi\u0173 mokini\u0173 \u012fsteig\u0117 akordeono, fortepijono ir pu\u010diam\u0173j\u0173 instrument\u0173 klases. Buvusi Rietavo vidurin\u0117s mokyklos direktor\u0117 Ada Me\u0161kauskien\u0117 prisimena, \u201eP.&nbsp;Vi\u0161inskis buvo puikus pedagogas, mokiniai j\u012f labai myl\u0117jo. Jo staigi ankstyva mirtis sutrikd\u0117 prad\u0117t\u0105 muzikos mokyklos veikl\u0105\u201c.<\/p>\n<p><\/p>\n<p>&nbsp; &nbsp; &nbsp; &nbsp; &nbsp; &nbsp; &nbsp; &nbsp;Dabartin\u0117 Rietavo meno mokykla kaip Plung\u0117s vaik\u0173 muzikos mokyklos filialas prad\u0117jo veikti 1967 m. \u010cia tuo metu mokytojavo Violeta ir Antanas \u010cesai, Stasel\u0117 Bandzien\u0117, J\u016brat\u0117 Maz\u016brkevi\u010dien\u0117.<\/p>\n<p><\/p>\n<p>1970 m. atkurta, dar kunigaik\u0161\u010dio Bogdano Oginskio laikais veikusi, Rietavo vaik\u0173 muzikos mokykla. Jai vadovauti buvo paskirta Virginija R\u016bta Baliutavi\u010dien\u0117 (iki 1996&nbsp;m. lapkri\u010dio 28&nbsp;d.). Tuo metu mokykla tur\u0117jo tik tris klases. U\u017esi\u0117mimai vykdavo Rietavo \u017eem\u0117s \u016bkio technikumo pastate. \u010cia mok\u0117si 55 Rietave ir jo apylink\u0117se gyven\u0119 vaikai. Mokytoja Galina Kar\u010devskaja mok\u0117 groti fortepijonu, Algirdas Pakalnis dirbo su pu\u010diam\u0173j\u0173 klas\u0117s moksleiviais, Nina Bly\u017eien\u0117 mok\u0117 muzikos teorijos ir groti kankl\u0117mis, o Justinas Kr\u0117p\u0161ta \u2013 grie\u017eti smuiku.<\/p>\n<p><\/p>\n<p>&nbsp; &nbsp; &nbsp; &nbsp; &nbsp; &nbsp; &nbsp; &nbsp; Antraisiais mokyklos gyvavimo metais \u010dia jau dirbo ir jauni specialistai, atvyk\u0119 i\u0161 Klaip\u0117dos S.&nbsp;\u0160imkaus auk\u0161tesniosios muzikos mokyklos. Tai fortepijono specialist\u0117 Irma Veserait\u0117, akordeoninink\u0117 Danut\u0117 Matelien\u0117 ir pu\u010diam\u0173j\u0173 mokytojas Paulius Matelis. Solfed\u017eio ir privalomojo instrumento pamokas d\u0117st\u0117 Romas Dargis ir Liudas Gedgaudas.<\/p>\n<p><\/p>\n<p>Iki 1982 m. trumpai mokykloje dirbo: pianistai \u2013 Vygantas Vaitonis, Raimondas Ragauskas, muzikos teorijos mok\u0117 \u2013 Sigitas Po\u0161kus bei Petras Katauskis.<\/p>\n<p><\/p>\n<p>Rietavo vaik\u0173 muzikos mokyklos aukl\u0117tiniai jau pirmaisiais mokslo metais prad\u0117jo rengti koncertus ne tik t\u0117veliams, bet ir platesnei miestelio visuomenei. \u0160i tradicija gyvuoja ir \u0161iandien.<\/p>\n<p><\/p>\n<p>Laikui b\u0117gant Rietavo muzikos mokykloje prad\u0117jo dirbti buv\u0119&nbsp;jos aukl\u0117tiniai: Juozas Barsteiga, Violeta Zubrickait\u0117, Algimantas Kr\u0117p\u0161ta, o v\u0117liau ir Edita Mockut\u0117, Ligita Pupalyt\u0117-Bliutien\u0117, Daiva Kr\u0117p\u0161tait\u0117-Bartu\u0161ien\u0117.<\/p>\n<p><\/p>\n<p>1995&nbsp;m. \u012fsteigus nauj\u0105 teatrinio meno bei \u0161e\u0161tadienin\u0119 dail\u0117s klas\u0119 ir atgijus chorinio dainavimo klasei, mokyklai buvo suteiktas Rietavo meno mokyklos statusas, o jos vadovu tapo Algirdas Kazys Jankauskas. Jo d\u0117ka mokykloje buvo atkurtas pu\u010diam\u0173j\u0173 instrument\u0173 orkestras.<\/p>\n<p><\/p>\n<p>Chorinio dainavimo ir choro mokytoja priimta dirbti Lolita Zalieskyt\u0117. Pirmieji aktorinio meistri\u0161kumo mokytojai buvo Jolanta Bertauskien\u0117 ir Vidmantas Dovidauskas. Gana ilg\u0105 laik\u0105, iki u\u017edarant teatrinio meno klas\u0119, mokytoju dirbo Lietuvos muzikos akademijos re\u017eisieriaus specialyb\u0119 \u012fgij\u0119s rietavi\u0161kis Vincas Andriu\u0161ka.<\/p>\n<p><\/p>\n<p>&nbsp; &nbsp; &nbsp; &nbsp; &nbsp; &nbsp; &nbsp; &nbsp; &nbsp; &nbsp; &nbsp; Nuo 1996&nbsp;m. atkurta kankli\u0173 klas\u0117 \u2013 mokytoja Jolita Ru\u0161ait\u0117\u2013Budriuvien\u0117, o 2000&nbsp;m. buvo atkurta ir smuiko klas\u0117 \u2013 mokytoja Daiva Vengryt\u0117\u2013Bielkauskien\u0117.<\/p>\n<p><\/p>\n<p>Nuo 2008&nbsp;m. mokyklai vadovauja Rita Urnie\u017eien\u0117. Jos d\u0117ka Rietavo meno mokykloje 2009&nbsp;m. \u012fkurtos dvi&nbsp;naujos klas\u0117s: dail\u0117s ir klasikin\u0117s gitaros. Dail\u0117s pamokas d\u0117styti buvo priimtas Tomas Danilevi\u010dius, o gitaros mokytoju \u2013 Rimvydas Vagonis,<\/p>\n<p><\/p>\n<p>2009&nbsp;m. lapkri\u010dio 26 d. Rietavo meno mokyklai, \u012fam\u017einant Rietavo Oginski\u0173 dvaro savinink\u0173 nuopelnus kult\u016bros bei meno pl\u0117tojimui,<em>,&nbsp;<\/em>suteiktas Mykolo Kleopo Oginskio vardas.<\/p>\n<p><\/p>\n<p>2011&nbsp;m., dar Oginski\u0173 laikais miest\u0105 garsinusio pu\u010diam\u0173j\u0173 orkestro sustiprinimui, mokykloje \u012fkuriama medini\u0173 pu\u010diam\u0173j\u0173 klas\u0117. Groti klarnetu bei saksofonu moko Nerijus Jasinskas. Tais pa\u010diais metais dail\u0117s skyriuje pradeda dirbti Stanislava \u0160arkauskait\u0117.<\/p>\n<p><\/p>\n<p>2019 m. Atkuriama teatrinio ugdymo klas\u0117. Vaidybos meno paslap\u010di\u0173 mokinti pakvie\u010diamas Vincas Andriu\u0161ka.<\/p>\n<p><\/p>\n<p>&nbsp; &nbsp; &nbsp; &nbsp; &nbsp; &nbsp; &nbsp; &nbsp; &nbsp; &nbsp; &nbsp; &nbsp;\u012e M.&nbsp;K.&nbsp;Oginskio meno mokykl\u0105 vaikai priimami 5\u201310 m. am\u017eiaus. Mokslas trunka septynerius metus. Mokykloje yra fortepijono, akordeono, smuiko, kankli\u0173, pu\u010diam\u0173j\u0173 (medini\u0173 ir varini\u0173), gitaros, teatro, dail\u0117s, chorinio ir solinio dainavimo klas\u0117s. Mokiniai muzikuoja akordeoninink\u0173, kankli\u0173 ansambliuose, groja pu\u010diam\u0173j\u0173 orkestre arba dainuoja mokyklos chore. Vaikai mokosi groti ne tik pagrindiniu instrumentu, bet ir antruoju muzikos instrumentu: fortepijonu, akordeonu, pu\u010diamaisiais instrumentais. Kaip ir Bogdano Oginskio laikais \u010dia d\u0117stoma muzikos teorija: muzikos ra\u0161tas bei kult\u016bros pa\u017einimas, solfed\u017eio, muzikos istorija.<\/p>\n<p><\/p>\n<p>M.&nbsp;K.&nbsp;Oginskio meno mokykloje mokosi ne tik Rietavo miesto, bet ir Labard\u017ei\u0173, Budriki\u0173, Pelai\u010di\u0173, Girdvaini\u0173, \u017dadvain\u0173, Tver\u0173 miesteli\u0173 moksleiviai.<\/p>\n<p><\/p>\n<p>&nbsp; &nbsp; &nbsp; &nbsp; &nbsp; &nbsp; &nbsp; &nbsp; &nbsp; &nbsp; &nbsp; &nbsp; Mokykla rengia tarptautin\u012f kamerin\u0117s muzikos konkurs\u0105-festival\u012f ,,Mykolo Kleopo Oginskio k\u016brybos perlai&#8221;; <span style=\"font-size: 24.000001907348633px; color: var( --e-global-color-text );\">organizuoja Rietavo kra\u0161to daininink\u0173 konkurs\u0105 ,,Augu su daina&#8221;; m<\/span><span style=\"font-size: 24.000001907348633px; color: var( --e-global-color-text );\">okyklos solistai ir kolektyvai da\u017enai koncertuoja visoje Lietuvoje ir kaimynin\u0117se valstyb\u0117se, Lietuvos valstybin\u0117je filharmonijoje, LR Seime, Rietave: vaik\u0173 dar\u017eelyje, seneli\u0173 globos namuose, Rietavo savivaldyb\u0117s mokyklose. Rengiami tradiciniai adventiniai vakarai ir koncertai, skirti Motinos dienai. Mokiniai koncertuoja ir \u017demaitijos kra\u0161to muzikos (meno) mokykl\u0173&nbsp;festivaliuose \u201eVaikai ir muzika\u201c, kurie vyksta \u012fvairiuose miestuose: Salantuose, Plateliuose, Garg\u017eduose, Rietave, Skuode, \u0160ilal\u0117je, Tel\u0161iuose, Taurag\u0117je, Plung\u0117je, Kretingoje, \u0160ilut\u0117je, Ma\u017eeikiuose ir kt.<\/span><\/p>\n<p><\/p>\n<p>&nbsp; &nbsp; &nbsp; &nbsp; &nbsp; &nbsp; &nbsp; Dalis moksleivi\u0173&nbsp;t\u0119sia studijas Klaip\u0117dos S.&nbsp;\u0160imkaus konservatorijoje, Lietuvos muzikos akademijoje, \u0160iauli\u0173 universitete ar Klaip\u0117dos universiteto Men\u0173&nbsp;fakultete. Nema\u017eai Rietavo meno mokyklos mokini\u0173&nbsp;pasirinko muzikos keli\u0105&nbsp;ar su muzika susijusi\u0105&nbsp;specialyb\u0119. Tai Art\u016bras \u0160lia\u017eas, Antanas Kerp\u0117, Asta Kaveckait\u0117, Aldona Matelyt\u0117, Valdas Neimontas, Dalia Kliauzait\u0117, Arvydas Valauskas, Neringa Neimontait\u0117, Alfredas \u0160niauka, Gra\u017eina \u0160niaukait\u0117, Diana Paulauskait\u0117, Joana Gedmintait\u0117, Au\u0161ra Liutkut\u0117, Irmantas Aglinskas, Edvardas Jucius, Tomas Kon\u010dius, Tadas \u010cesnauskas, Sigitas Saukalas ir kt.<\/p>\n<p><\/p>\n<p>&nbsp; &nbsp; &nbsp; &nbsp; &nbsp; &nbsp; &nbsp;M.&nbsp;K.&nbsp;Oginskio Rietavo meno mokyklos pedagogai vaikus moko suprasti ir \u012fvertinti meno \u2013 dail\u0117s, muzikos, teatro \u2013 pasaul\u012f&nbsp;kaip dovan\u0105, kuria galime naudotis vis\u0105&nbsp;gyvenim\u0105.<\/p>\n<p><\/p>\t\t\t\t\t\t\t\t<\/div>\n\t\t\t\t<\/div>\n\t\t\t\t\t<\/div>\n\t\t<\/div>\n\t\t\t\t\t<\/div>\n\t\t<\/section>\n\t\t\t\t<\/div>\n\t\t","protected":false},"excerpt":{"rendered":"<p>Rietavo Mykolo Kleopo Oginskio meno mokyklos istorija&nbsp; &nbsp;&nbsp;&nbsp;&nbsp;&nbsp;&nbsp;&nbsp; Mykolo Kleopo Oginskio Rietavo meno mokyklos prad\u017eia siejama su Rietavo Oginski\u0173 dvaro r\u016bmais ir j\u0173 savininkais: Mykolu<\/p>\n<p><a href=\"https:\/\/rietavomenomokykla.lt\/index.php\/apie-mus\/\" class=\"more-link\">Continue reading<span class=\"screen-reader-text\">Istorija<\/span><\/a><\/p>\n","protected":false},"author":1,"featured_media":0,"parent":0,"menu_order":0,"comment_status":"closed","ping_status":"closed","template":"","meta":{"_monsterinsights_skip_tracking":false,"_monsterinsights_sitenote_active":false,"_monsterinsights_sitenote_note":"","_monsterinsights_sitenote_category":0,"footnotes":""},"class_list":["post-18","page","type-page","status-publish","hentry"],"_links":{"self":[{"href":"https:\/\/rietavomenomokykla.lt\/index.php\/wp-json\/wp\/v2\/pages\/18","targetHints":{"allow":["GET"]}}],"collection":[{"href":"https:\/\/rietavomenomokykla.lt\/index.php\/wp-json\/wp\/v2\/pages"}],"about":[{"href":"https:\/\/rietavomenomokykla.lt\/index.php\/wp-json\/wp\/v2\/types\/page"}],"author":[{"embeddable":true,"href":"https:\/\/rietavomenomokykla.lt\/index.php\/wp-json\/wp\/v2\/users\/1"}],"replies":[{"embeddable":true,"href":"https:\/\/rietavomenomokykla.lt\/index.php\/wp-json\/wp\/v2\/comments?post=18"}],"version-history":[{"count":17,"href":"https:\/\/rietavomenomokykla.lt\/index.php\/wp-json\/wp\/v2\/pages\/18\/revisions"}],"predecessor-version":[{"id":3546,"href":"https:\/\/rietavomenomokykla.lt\/index.php\/wp-json\/wp\/v2\/pages\/18\/revisions\/3546"}],"wp:attachment":[{"href":"https:\/\/rietavomenomokykla.lt\/index.php\/wp-json\/wp\/v2\/media?parent=18"}],"curies":[{"name":"wp","href":"https:\/\/api.w.org\/{rel}","templated":true}]}}