{"id":216,"date":"2021-08-24T08:20:47","date_gmt":"2021-08-24T08:20:47","guid":{"rendered":"http:\/\/rietavomenomokykla.lt\/?page_id=216"},"modified":"2026-04-02T08:44:46","modified_gmt":"2026-04-02T08:44:46","slug":"mokyklos-taryba","status":"publish","type":"page","link":"https:\/\/rietavomenomokykla.lt\/index.php\/mokyklos-taryba\/","title":{"rendered":"Mokyklos taryba"},"content":{"rendered":"\t\t<div data-elementor-type=\"wp-page\" data-elementor-id=\"216\" class=\"elementor elementor-216\" data-elementor-settings=\"{&quot;ha_cmc_init_switcher&quot;:&quot;no&quot;}\">\n\t\t\t\t\t\t<section class=\"elementor-section elementor-top-section elementor-element elementor-element-728fc500 elementor-section-boxed elementor-section-height-default elementor-section-height-default wpr-particle-no wpr-jarallax-no wpr-parallax-no wpr-sticky-section-no\" data-id=\"728fc500\" data-element_type=\"section\" data-e-type=\"section\" data-settings=\"{&quot;_ha_eqh_enable&quot;:false}\">\n\t\t\t\t\t\t<div class=\"elementor-container elementor-column-gap-default\">\n\t\t\t\t\t<div class=\"elementor-column elementor-col-100 elementor-top-column elementor-element elementor-element-633a0ec0\" data-id=\"633a0ec0\" data-element_type=\"column\" data-e-type=\"column\">\n\t\t\t<div class=\"elementor-widget-wrap elementor-element-populated\">\n\t\t\t\t\t\t<div class=\"elementor-element elementor-element-9aa0a24 elementor-widget elementor-widget-text-editor\" data-id=\"9aa0a24\" data-element_type=\"widget\" data-e-type=\"widget\" data-widget_type=\"text-editor.default\">\n\t\t\t\t<div class=\"elementor-widget-container\">\n\t\t\t\t\t\t\t\t\t<p><\/p>\n<p>Pirminink\u0117 &#8211; Simona \u010cesnauskien\u0117 (mokini\u0173 t\u0117v\u0173 atstov\u0117)<\/p>\n<p>Sekretor\u0117 &#8211; Jolita Budriuvien\u0117 (mokytoj\u0173 tarybos atstov\u0117)<\/p>\n<p>Nariai &#8211; Gintar\u0117 Sabaliauskien\u0117 (mokytoj\u0173 tarybos atstov\u0117),&nbsp;<\/p><p>Vilma Jokubauskait\u0117 (mokytoj\u0173 tarybos atstov\u0117)<\/p>\t\t\t\t\t\t\t\t<\/div>\n\t\t\t\t<\/div>\n\t\t\t\t\t<\/div>\n\t\t<\/div>\n\t\t\t\t\t<\/div>\n\t\t<\/section>\n\t\t\t\t<\/div>\n\t\t","protected":false},"excerpt":{"rendered":"<p>Pirminink\u0117 &#8211; Simona \u010cesnauskien\u0117 (mokini\u0173 t\u0117v\u0173 atstov\u0117) Sekretor\u0117 &#8211; Jolita Budriuvien\u0117 (mokytoj\u0173 tarybos atstov\u0117) Nariai &#8211; Gintar\u0117 Sabaliauskien\u0117 (mokytoj\u0173 tarybos atstov\u0117),&nbsp; Vilma Jokubauskait\u0117 (mokytoj\u0173 tarybos<\/p>\n<p><a href=\"https:\/\/rietavomenomokykla.lt\/index.php\/mokyklos-taryba\/\" class=\"more-link\">Continue reading<span class=\"screen-reader-text\">Mokyklos taryba<\/span><\/a><\/p>\n","protected":false},"author":1,"featured_media":0,"parent":0,"menu_order":0,"comment_status":"closed","ping_status":"closed","template":"","meta":{"_monsterinsights_skip_tracking":false,"_monsterinsights_sitenote_active":false,"_monsterinsights_sitenote_note":"","_monsterinsights_sitenote_category":0,"footnotes":""},"class_list":["post-216","page","type-page","status-publish","hentry"],"_links":{"self":[{"href":"https:\/\/rietavomenomokykla.lt\/index.php\/wp-json\/wp\/v2\/pages\/216","targetHints":{"allow":["GET"]}}],"collection":[{"href":"https:\/\/rietavomenomokykla.lt\/index.php\/wp-json\/wp\/v2\/pages"}],"about":[{"href":"https:\/\/rietavomenomokykla.lt\/index.php\/wp-json\/wp\/v2\/types\/page"}],"author":[{"embeddable":true,"href":"https:\/\/rietavomenomokykla.lt\/index.php\/wp-json\/wp\/v2\/users\/1"}],"replies":[{"embeddable":true,"href":"https:\/\/rietavomenomokykla.lt\/index.php\/wp-json\/wp\/v2\/comments?post=216"}],"version-history":[{"count":27,"href":"https:\/\/rietavomenomokykla.lt\/index.php\/wp-json\/wp\/v2\/pages\/216\/revisions"}],"predecessor-version":[{"id":4159,"href":"https:\/\/rietavomenomokykla.lt\/index.php\/wp-json\/wp\/v2\/pages\/216\/revisions\/4159"}],"wp:attachment":[{"href":"https:\/\/rietavomenomokykla.lt\/index.php\/wp-json\/wp\/v2\/media?parent=216"}],"curies":[{"name":"wp","href":"https:\/\/api.w.org\/{rel}","templated":true}]}}