{"id":249,"date":"2021-08-24T08:53:18","date_gmt":"2021-08-24T08:53:18","guid":{"rendered":"http:\/\/rietavomenomokykla.lt\/?page_id=249"},"modified":"2024-03-21T10:49:02","modified_gmt":"2024-03-21T10:49:02","slug":"informacija","status":"publish","type":"page","link":"https:\/\/rietavomenomokykla.lt\/index.php\/informacija\/","title":{"rendered":"Informacija"},"content":{"rendered":"\t\t<div data-elementor-type=\"wp-page\" data-elementor-id=\"249\" class=\"elementor elementor-249\" data-elementor-settings=\"{&quot;ha_cmc_init_switcher&quot;:&quot;no&quot;}\">\n\t\t\t\t\t\t<section class=\"elementor-section elementor-top-section elementor-element elementor-element-fcf2395 elementor-section-boxed elementor-section-height-default elementor-section-height-default wpr-particle-no wpr-jarallax-no wpr-parallax-no wpr-sticky-section-no\" data-id=\"fcf2395\" data-element_type=\"section\" data-e-type=\"section\" data-settings=\"{&quot;_ha_eqh_enable&quot;:false}\">\n\t\t\t\t\t\t<div class=\"elementor-container elementor-column-gap-default\">\n\t\t\t\t\t<div class=\"elementor-column elementor-col-100 elementor-top-column elementor-element elementor-element-f0a8d1b\" data-id=\"f0a8d1b\" data-element_type=\"column\" data-e-type=\"column\">\n\t\t\t<div class=\"elementor-widget-wrap elementor-element-populated\">\n\t\t\t\t\t\t<section class=\"elementor-section elementor-inner-section elementor-element elementor-element-c675d16 elementor-section-boxed elementor-section-height-default elementor-section-height-default wpr-particle-no wpr-jarallax-no wpr-parallax-no wpr-sticky-section-no\" data-id=\"c675d16\" data-element_type=\"section\" data-e-type=\"section\" data-settings=\"{&quot;_ha_eqh_enable&quot;:false}\">\n\t\t\t\t\t\t<div class=\"elementor-container elementor-column-gap-default\">\n\t\t\t\t\t<div class=\"elementor-column elementor-col-50 elementor-inner-column elementor-element elementor-element-cfad91b\" data-id=\"cfad91b\" data-element_type=\"column\" data-e-type=\"column\">\n\t\t\t<div class=\"elementor-widget-wrap elementor-element-populated\">\n\t\t\t\t\t\t<div class=\"elementor-element elementor-element-4fe4194 elementor-widget elementor-widget-heading\" data-id=\"4fe4194\" data-element_type=\"widget\" data-e-type=\"widget\" data-widget_type=\"heading.default\">\n\t\t\t\t<div class=\"elementor-widget-container\">\n\t\t\t\t\t<h2 class=\"elementor-heading-title elementor-size-default\"><p style=\"margin-bottom: 0px;text-align: center;font-weight: normal;font-size: 13px;line-height: normal\"><b>Rietavo Mykolo Kleopo Oginskio meno mokykla<br>\nAdresas: Parko g. 10, 90311 Rietavas<\/b><br><b>\nTel.: +370 448 68 489<br>\nElektroninis pa\u0161tas: rietavomm@gmail.com<\/b><\/p><\/h2>\t\t\t\t<\/div>\n\t\t\t\t<\/div>\n\t\t\t\t\t<\/div>\n\t\t<\/div>\n\t\t\t\t<div class=\"elementor-column elementor-col-50 elementor-inner-column elementor-element elementor-element-c1f511c\" data-id=\"c1f511c\" data-element_type=\"column\" data-e-type=\"column\">\n\t\t\t<div class=\"elementor-widget-wrap elementor-element-populated\">\n\t\t\t\t\t\t<div class=\"elementor-element elementor-element-3828f4e elementor-widget elementor-widget-heading\" data-id=\"3828f4e\" data-element_type=\"widget\" data-e-type=\"widget\" data-widget_type=\"heading.default\">\n\t\t\t\t<div class=\"elementor-widget-container\">\n\t\t\t\t\t<h2 class=\"elementor-heading-title elementor-size-default\"><p style=\"margin-bottom: 0px;text-align: center;font-weight: normal;font-size: 13px;line-height: normal\"><b>Savivaldyb\u0117s biud\u017eetin\u0117 \u012fstaiga<\/b><\/p>\n<p style=\"margin-bottom: 0px;text-align: center;font-weight: normal;font-size: 13px;line-height: normal\"><b>Juridinio asmens kodas:&nbsp;<\/b><\/p>\n<p style=\"margin-bottom: 0px;text-align: center;font-weight: normal;font-size: 13px;line-height: normal\"><b>291816990<\/b><\/p>\n<p style=\"margin-bottom: 0px;text-align: center;font-weight: normal;font-size: 13px;line-height: normal\"><b>Duomenys apie institucij\u0105 kaupiami Jurifdini\u0173 asmen\u0173 registre<\/b><\/p><\/h2>\t\t\t\t<\/div>\n\t\t\t\t<\/div>\n\t\t\t\t\t<\/div>\n\t\t<\/div>\n\t\t\t\t\t<\/div>\n\t\t<\/section>\n\t\t\t\t\t<\/div>\n\t\t<\/div>\n\t\t\t\t\t<\/div>\n\t\t<\/section>\n\t\t\t\t<\/div>\n\t\t","protected":false},"excerpt":{"rendered":"<p>Rietavo Mykolo Kleopo Oginskio meno mokykla Adresas: Parko g. 10, 90311 Rietavas Tel.: +370 448 68 489 Elektroninis pa\u0161tas: rietavomm@gmail.com Savivaldyb\u0117s biud\u017eetin\u0117 \u012fstaiga Juridinio asmens<\/p>\n<p><a href=\"https:\/\/rietavomenomokykla.lt\/index.php\/informacija\/\" class=\"more-link\">Continue reading<span class=\"screen-reader-text\">Informacija<\/span><\/a><\/p>\n","protected":false},"author":1,"featured_media":0,"parent":0,"menu_order":0,"comment_status":"closed","ping_status":"closed","template":"","meta":{"_monsterinsights_skip_tracking":false,"_monsterinsights_sitenote_active":false,"_monsterinsights_sitenote_note":"","_monsterinsights_sitenote_category":0,"footnotes":""},"class_list":["post-249","page","type-page","status-publish","hentry"],"_links":{"self":[{"href":"https:\/\/rietavomenomokykla.lt\/index.php\/wp-json\/wp\/v2\/pages\/249","targetHints":{"allow":["GET"]}}],"collection":[{"href":"https:\/\/rietavomenomokykla.lt\/index.php\/wp-json\/wp\/v2\/pages"}],"about":[{"href":"https:\/\/rietavomenomokykla.lt\/index.php\/wp-json\/wp\/v2\/types\/page"}],"author":[{"embeddable":true,"href":"https:\/\/rietavomenomokykla.lt\/index.php\/wp-json\/wp\/v2\/users\/1"}],"replies":[{"embeddable":true,"href":"https:\/\/rietavomenomokykla.lt\/index.php\/wp-json\/wp\/v2\/comments?post=249"}],"version-history":[{"count":11,"href":"https:\/\/rietavomenomokykla.lt\/index.php\/wp-json\/wp\/v2\/pages\/249\/revisions"}],"predecessor-version":[{"id":3568,"href":"https:\/\/rietavomenomokykla.lt\/index.php\/wp-json\/wp\/v2\/pages\/249\/revisions\/3568"}],"wp:attachment":[{"href":"https:\/\/rietavomenomokykla.lt\/index.php\/wp-json\/wp\/v2\/media?parent=249"}],"curies":[{"name":"wp","href":"https:\/\/api.w.org\/{rel}","templated":true}]}}