{"id":25,"date":"2021-06-30T08:09:20","date_gmt":"2021-06-30T08:09:20","guid":{"rendered":"http:\/\/rietavomenomokykla.lt\/?page_id=25"},"modified":"2026-04-02T07:44:49","modified_gmt":"2026-04-02T07:44:49","slug":"administracija","status":"publish","type":"page","link":"https:\/\/rietavomenomokykla.lt\/index.php\/administracija\/","title":{"rendered":"Administracija"},"content":{"rendered":"\t\t<div data-elementor-type=\"wp-page\" data-elementor-id=\"25\" class=\"elementor elementor-25\" data-elementor-settings=\"{&quot;ha_cmc_init_switcher&quot;:&quot;no&quot;}\">\n\t\t\t\t\t\t<section class=\"elementor-section elementor-top-section elementor-element elementor-element-16ea0c8f elementor-section-boxed elementor-section-height-default elementor-section-height-default wpr-particle-no wpr-jarallax-no wpr-parallax-no wpr-sticky-section-no\" data-id=\"16ea0c8f\" data-element_type=\"section\" data-e-type=\"section\" data-settings=\"{&quot;_ha_eqh_enable&quot;:false}\">\n\t\t\t\t\t\t<div class=\"elementor-container elementor-column-gap-default\">\n\t\t\t\t\t<div class=\"elementor-column elementor-col-100 elementor-top-column elementor-element elementor-element-de0f5ed\" data-id=\"de0f5ed\" data-element_type=\"column\" data-e-type=\"column\">\n\t\t\t<div class=\"elementor-widget-wrap elementor-element-populated\">\n\t\t\t\t\t\t<div class=\"elementor-element elementor-element-7e2ed23 elementor-widget elementor-widget-text-editor\" data-id=\"7e2ed23\" data-element_type=\"widget\" data-e-type=\"widget\" data-widget_type=\"text-editor.default\">\n\t\t\t\t<div class=\"elementor-widget-container\">\n\t\t\t\t\t\t\t\t\t\n<figure class=\"wp-block-table\">\n<table>\n<tbody>\n<tr>\n<td style=\"text-align: left;\">Direktorius<\/td>\n<td>Nerijus Jasinskas<\/td>\n<td>Tel. +370\u00a0 448 68489<\/td>\n<\/tr>\n<tr>\n<td>Direktoriaus pavaduotoja ugdymui<\/td>\n<td>Jolita Budriuvien\u0117<\/td>\n<td>Tel. +370\u00a0 448 68489<\/td>\n<\/tr>\n<tr>\n<td>Vyr. buhalter\u0117<\/td>\n<td>Elena Sr\u0117balien\u0117<\/td>\n<td>Tel. +370\u00a0 448 68489<\/td>\n<\/tr>\n<tr>\n<td>Sekretor\u0117, kasinink\u0117, bibliotekinink\u0117<\/td>\n<td>Neringa Malakauskien\u0117<\/td>\n<\/tr>\n<tr>\n<td>El. p. <a href=\"mailto:rietavomm@gmail.com\">rietavomm@gmail.com<\/a><\/td>\n<\/tr>\n<\/tbody>\n<\/table>\n<\/figure>\n\t\t\t\t\t\t\t\t<\/div>\n\t\t\t\t<\/div>\n\t\t\t\t\t<\/div>\n\t\t<\/div>\n\t\t\t\t\t<\/div>\n\t\t<\/section>\n\t\t\t\t<\/div>\n\t\t","protected":false},"excerpt":{"rendered":"<p>Direktorius Nerijus Jasinskas Tel. +370\u00a0 448 68489 Direktoriaus pavaduotoja ugdymui Jolita Budriuvien\u0117 Tel. +370\u00a0 448 68489 Vyr. buhalter\u0117 Elena Sr\u0117balien\u0117 Tel. +370\u00a0 448 68489 Sekretor\u0117,<\/p>\n<p><a href=\"https:\/\/rietavomenomokykla.lt\/index.php\/administracija\/\" class=\"more-link\">Continue reading<span class=\"screen-reader-text\">Administracija<\/span><\/a><\/p>\n","protected":false},"author":1,"featured_media":0,"parent":0,"menu_order":0,"comment_status":"closed","ping_status":"closed","template":"","meta":{"_monsterinsights_skip_tracking":false,"_monsterinsights_sitenote_active":false,"_monsterinsights_sitenote_note":"","_monsterinsights_sitenote_category":0,"footnotes":""},"class_list":["post-25","page","type-page","status-publish","hentry"],"_links":{"self":[{"href":"https:\/\/rietavomenomokykla.lt\/index.php\/wp-json\/wp\/v2\/pages\/25","targetHints":{"allow":["GET"]}}],"collection":[{"href":"https:\/\/rietavomenomokykla.lt\/index.php\/wp-json\/wp\/v2\/pages"}],"about":[{"href":"https:\/\/rietavomenomokykla.lt\/index.php\/wp-json\/wp\/v2\/types\/page"}],"author":[{"embeddable":true,"href":"https:\/\/rietavomenomokykla.lt\/index.php\/wp-json\/wp\/v2\/users\/1"}],"replies":[{"embeddable":true,"href":"https:\/\/rietavomenomokykla.lt\/index.php\/wp-json\/wp\/v2\/comments?post=25"}],"version-history":[{"count":28,"href":"https:\/\/rietavomenomokykla.lt\/index.php\/wp-json\/wp\/v2\/pages\/25\/revisions"}],"predecessor-version":[{"id":4149,"href":"https:\/\/rietavomenomokykla.lt\/index.php\/wp-json\/wp\/v2\/pages\/25\/revisions\/4149"}],"wp:attachment":[{"href":"https:\/\/rietavomenomokykla.lt\/index.php\/wp-json\/wp\/v2\/media?parent=25"}],"curies":[{"name":"wp","href":"https:\/\/api.w.org\/{rel}","templated":true}]}}