{"id":2728,"date":"2022-12-09T09:36:08","date_gmt":"2022-12-09T09:36:08","guid":{"rendered":"https:\/\/rietavomenomokykla.lt\/?page_id=2728"},"modified":"2026-04-02T06:24:39","modified_gmt":"2026-04-02T06:24:39","slug":"ataskaitos","status":"publish","type":"page","link":"https:\/\/rietavomenomokykla.lt\/index.php\/ataskaitos\/","title":{"rendered":"ATASKAITOS"},"content":{"rendered":"\t\t<div data-elementor-type=\"wp-page\" data-elementor-id=\"2728\" class=\"elementor elementor-2728\" data-elementor-settings=\"{&quot;ha_cmc_init_switcher&quot;:&quot;no&quot;}\">\n\t\t\t\t\t\t<section class=\"elementor-section elementor-top-section elementor-element elementor-element-b1c66a9 elementor-section-boxed elementor-section-height-default elementor-section-height-default wpr-particle-no wpr-jarallax-no wpr-parallax-no wpr-sticky-section-no\" data-id=\"b1c66a9\" data-element_type=\"section\" data-e-type=\"section\" data-settings=\"{&quot;_ha_eqh_enable&quot;:false}\">\n\t\t\t\t\t\t<div class=\"elementor-container elementor-column-gap-default\">\n\t\t\t\t\t<div class=\"elementor-column elementor-col-100 elementor-top-column elementor-element elementor-element-16c6475\" data-id=\"16c6475\" data-element_type=\"column\" data-e-type=\"column\">\n\t\t\t<div class=\"elementor-widget-wrap elementor-element-populated\">\n\t\t\t\t\t\t<div class=\"elementor-element elementor-element-59fd1cd elementor-widget elementor-widget-ha-pdf-view happy-addon ha-pdf-view\" data-id=\"59fd1cd\" data-element_type=\"widget\" data-e-type=\"widget\" data-widget_type=\"ha-pdf-view.default\">\n\t\t\t\t<div class=\"elementor-widget-container\">\n\t\t\t\t\t        <div class=\"pdf_viewer_container\">\n            <div class=\"pdf_viewer_options viewer-59fd1cd\" data-pdf-settings=\"{&quot;unique_id&quot;:&quot;viewer-59fd1cd&quot;,&quot;pdf_url&quot;:&quot;http:\\\/\\\/rietavomenomokykla.lt\\\/wp-content\\\/uploads\\\/2026\\\/04\\\/RMM-korupcijos-ataskaita.pdf&quot;,&quot;file_type&quot;:&quot;upload_file&quot;,&quot;page_number&quot;:&quot;1&quot;,&quot;width&quot;:&quot;100%&quot;,&quot;height&quot;:&quot;600px&quot;}\">\n\t\t\t\t<span class=\"ha-title-flex\">\n\t\t\t\t\t<span class=\"pdf-icon\">\n\t\t\t\t\t\t<i aria-hidden=\"true\" class=\"fas fa-file-pdf\"><\/i>\t\t\t\t\t<\/span>\n\t\t\t\t\t<h2 class=\"ha-pdf-title\">2025 M. KORUPCIJOS PREVENCIJOS PROGRAMOS PRIEMONI\u0172 PLANO \u012eGYVENDINIMO ATASKAITA<\/h2>\t\t\t\t<\/span>\n\t\t\t\t                <div class=\"pdf-button\">\n                <a href=\"http:\/\/rietavomenomokykla.lt\/wp-content\/uploads\/2026\/04\/RMM-korupcijos-ataskaita.pdf\" class=\"ha-btn\" download title=\"2025 M. KORUPCIJOS PREVENCIJOS PROGRAMOS PRIEMONI\u0172 PLANO \u012eGYVENDINIMO ATASKAITA\">Download<\/a>                <\/div>\n            <\/div>\n\n\t\t\t<div>\n\t\t\t\t<div id=\"viewer-59fd1cd\"><\/div>\n\t\t\t<\/div>\n\n        <\/div>\n        \t\t\t\t<\/div>\n\t\t\t\t<\/div>\n\t\t\t\t<div class=\"elementor-element elementor-element-4f03fcc elementor-widget elementor-widget-ha-pdf-view happy-addon ha-pdf-view\" data-id=\"4f03fcc\" data-element_type=\"widget\" data-e-type=\"widget\" data-widget_type=\"ha-pdf-view.default\">\n\t\t\t\t<div class=\"elementor-widget-container\">\n\t\t\t\t\t        <div class=\"pdf_viewer_container\">\n            <div class=\"pdf_viewer_options viewer-4f03fcc\" data-pdf-settings=\"{&quot;unique_id&quot;:&quot;viewer-4f03fcc&quot;,&quot;pdf_url&quot;:&quot;http:\\\/\\\/rietavomenomokykla.lt\\\/wp-content\\\/uploads\\\/2025\\\/05\\\/RMM-korupcijos-prevencijos-ataskaita.pdf&quot;,&quot;file_type&quot;:&quot;upload_file&quot;,&quot;page_number&quot;:&quot;1&quot;,&quot;width&quot;:&quot;100%&quot;,&quot;height&quot;:&quot;600px&quot;}\">\n\t\t\t\t<span class=\"ha-title-flex\">\n\t\t\t\t\t<span class=\"pdf-icon\">\n\t\t\t\t\t\t<i aria-hidden=\"true\" class=\"fas fa-file-pdf\"><\/i>\t\t\t\t\t<\/span>\n\t\t\t\t\t<h2 class=\"ha-pdf-title\">2024 M. KORUPCIJOS PREVENCIJOS PROGRAMOS PRIEMONI\u0172 PLANO \u012eGYVENDINIMO ATASKAITA<\/h2>\t\t\t\t<\/span>\n\t\t\t\t                <div class=\"pdf-button\">\n                <a href=\"http:\/\/rietavomenomokykla.lt\/wp-content\/uploads\/2025\/05\/RMM-korupcijos-prevencijos-ataskaita.pdf\" class=\"ha-btn\" download title=\"2024 M. KORUPCIJOS PREVENCIJOS PROGRAMOS PRIEMONI\u0172 PLANO \u012eGYVENDINIMO ATASKAITA\">Download<\/a>                <\/div>\n            <\/div>\n\n\t\t\t<div>\n\t\t\t\t<div id=\"viewer-4f03fcc\"><\/div>\n\t\t\t<\/div>\n\n        <\/div>\n        \t\t\t\t<\/div>\n\t\t\t\t<\/div>\n\t\t\t\t<div class=\"elementor-element elementor-element-7f4be65 elementor-widget elementor-widget-ha-pdf-view happy-addon ha-pdf-view\" data-id=\"7f4be65\" data-element_type=\"widget\" data-e-type=\"widget\" data-widget_type=\"ha-pdf-view.default\">\n\t\t\t\t<div class=\"elementor-widget-container\">\n\t\t\t\t\t        <div class=\"pdf_viewer_container\">\n            <div class=\"pdf_viewer_options viewer-7f4be65\" data-pdf-settings=\"{&quot;unique_id&quot;:&quot;viewer-7f4be65&quot;,&quot;pdf_url&quot;:&quot;http:\\\/\\\/rietavomenomokykla.lt\\\/wp-content\\\/uploads\\\/2022\\\/12\\\/Korupcijos-prevencijos-ataskaita.pdf&quot;,&quot;file_type&quot;:&quot;upload_file&quot;,&quot;page_number&quot;:&quot;1&quot;,&quot;width&quot;:&quot;100%&quot;,&quot;height&quot;:&quot;600px&quot;}\">\n\t\t\t\t<span class=\"ha-title-flex\">\n\t\t\t\t\t<span class=\"pdf-icon\">\n\t\t\t\t\t\t<i aria-hidden=\"true\" class=\"fas fa-file-pdf\"><\/i>\t\t\t\t\t<\/span>\n\t\t\t\t\t<h2 class=\"ha-pdf-title\">PDF Title<\/h2>\t\t\t\t<\/span>\n\t\t\t\t                <div class=\"pdf-button\">\n                <a href=\"http:\/\/rietavomenomokykla.lt\/wp-content\/uploads\/2022\/12\/Korupcijos-prevencijos-ataskaita.pdf\" class=\"ha-btn\" download title=\"PDF Title\">Download<\/a>                <\/div>\n            <\/div>\n\n\t\t\t<div>\n\t\t\t\t<div id=\"viewer-7f4be65\"><\/div>\n\t\t\t<\/div>\n\n        <\/div>\n        \t\t\t\t<\/div>\n\t\t\t\t<\/div>\n\t\t\t\t\t<\/div>\n\t\t<\/div>\n\t\t\t\t\t<\/div>\n\t\t<\/section>\n\t\t\t\t<\/div>\n\t\t","protected":false},"excerpt":{"rendered":"<p>2025 M. KORUPCIJOS PREVENCIJOS PROGRAMOS PRIEMONI\u0172 PLANO \u012eGYVENDINIMO ATASKAITA Download 2024 M. KORUPCIJOS PREVENCIJOS PROGRAMOS PRIEMONI\u0172 PLANO \u012eGYVENDINIMO ATASKAITA Download PDF Title Download<\/p>\n","protected":false},"author":1,"featured_media":0,"parent":0,"menu_order":0,"comment_status":"closed","ping_status":"closed","template":"","meta":{"_monsterinsights_skip_tracking":false,"_monsterinsights_sitenote_active":false,"_monsterinsights_sitenote_note":"","_monsterinsights_sitenote_category":0,"footnotes":""},"class_list":["post-2728","page","type-page","status-publish","hentry"],"_links":{"self":[{"href":"https:\/\/rietavomenomokykla.lt\/index.php\/wp-json\/wp\/v2\/pages\/2728","targetHints":{"allow":["GET"]}}],"collection":[{"href":"https:\/\/rietavomenomokykla.lt\/index.php\/wp-json\/wp\/v2\/pages"}],"about":[{"href":"https:\/\/rietavomenomokykla.lt\/index.php\/wp-json\/wp\/v2\/types\/page"}],"author":[{"embeddable":true,"href":"https:\/\/rietavomenomokykla.lt\/index.php\/wp-json\/wp\/v2\/users\/1"}],"replies":[{"embeddable":true,"href":"https:\/\/rietavomenomokykla.lt\/index.php\/wp-json\/wp\/v2\/comments?post=2728"}],"version-history":[{"count":16,"href":"https:\/\/rietavomenomokykla.lt\/index.php\/wp-json\/wp\/v2\/pages\/2728\/revisions"}],"predecessor-version":[{"id":4129,"href":"https:\/\/rietavomenomokykla.lt\/index.php\/wp-json\/wp\/v2\/pages\/2728\/revisions\/4129"}],"wp:attachment":[{"href":"https:\/\/rietavomenomokykla.lt\/index.php\/wp-json\/wp\/v2\/media?parent=2728"}],"curies":[{"name":"wp","href":"https:\/\/api.w.org\/{rel}","templated":true}]}}