{"id":29,"date":"2021-06-30T08:12:45","date_gmt":"2021-06-30T08:12:45","guid":{"rendered":"http:\/\/rietavomenomokykla.lt\/?page_id=29"},"modified":"2025-12-02T11:49:47","modified_gmt":"2025-12-02T11:49:47","slug":"komisijos-darbo-grupes","status":"publish","type":"page","link":"https:\/\/rietavomenomokykla.lt\/index.php\/komisijos-darbo-grupes\/","title":{"rendered":"Komisijos, darbo grup\u0117s"},"content":{"rendered":"\t\t<div data-elementor-type=\"wp-page\" data-elementor-id=\"29\" class=\"elementor elementor-29\" data-elementor-settings=\"{&quot;ha_cmc_init_switcher&quot;:&quot;no&quot;}\">\n\t\t\t\t\t\t<section class=\"elementor-section elementor-top-section elementor-element elementor-element-2659da87 elementor-section-boxed elementor-section-height-default elementor-section-height-default wpr-particle-no wpr-jarallax-no wpr-parallax-no wpr-sticky-section-no\" data-id=\"2659da87\" data-element_type=\"section\" data-e-type=\"section\" data-settings=\"{&quot;_ha_eqh_enable&quot;:false}\">\n\t\t\t\t\t\t<div class=\"elementor-container elementor-column-gap-default\">\n\t\t\t\t\t<div class=\"elementor-column elementor-col-100 elementor-top-column elementor-element elementor-element-59335743\" data-id=\"59335743\" data-element_type=\"column\" data-e-type=\"column\">\n\t\t\t<div class=\"elementor-widget-wrap elementor-element-populated\">\n\t\t\t\t\t\t<div class=\"elementor-element elementor-element-1a671909 elementor-widget elementor-widget-text-editor\" data-id=\"1a671909\" data-element_type=\"widget\" data-e-type=\"widget\" data-widget_type=\"text-editor.default\">\n\t\t\t\t<div class=\"elementor-widget-container\">\n\t\t\t\t\t\t\t\t\t<p><\/p>\n<h1 class=\"wp-block-heading\" id=\"page-title\"><\/h1>\n<p><\/p>\n<p><\/p>\n<p><strong>Rietavo Mykolo Kleopo Oginskio meno mokyklos mokytoj\u0173 atestacin\u0117 komisija<\/strong>:<\/p>\n<p><\/p>\n<p><\/p>\n<p><strong>Komisijos pirminink\u0117<\/strong> &#8211; Jolita Budriuvien\u0117, Rietavo Mykolo Kleopo Oginskio meno mokyklos direktoriaus pavaduotoja ugdymui<\/p>\n<p><\/p>\n<p><\/p>\n<p><strong>Nariai<\/strong>:<\/p>\n<p><\/p>\n<p><\/p>\n<p>Algimantas Kr\u0117p\u0161ta, Rietavo Mykolo Kleopo Oginskio meno mokyklos mokytojas metodininkas,<\/p>\n<p><\/p>\n<p><\/p>\n<p>Gimtar\u0117 Sabaliauskien\u0117, Rietavo Mykolo Kleopo Oginskio meno mokyklos vyr. mokytoja,<\/p>\n<p><\/p>\n<p><\/p>\n<p>Juozas Barsteiga, Rietavo Mykolo Kleopo Oginskio meno mokyklos vyr. mokytojas,<\/p>\n<p><\/p>\n<p><\/p>\n<p>Simona \u010cesnauskien\u0117, t\u0117v\u0173 atstov\u0117,<\/p>\n<p><\/p>\n<p><\/p>\n<p>Jolanta Grevien\u0117, Rietavo savivaldyb\u0117s administracijos \u0160vietimo, kult\u016bros ir sporto skyriaus ved\u0117ja.<\/p>\n<p><\/p><br>\t\t\t\t\t\t\t\t<\/div>\n\t\t\t\t<\/div>\n\t\t\t\t\t<\/div>\n\t\t<\/div>\n\t\t\t\t\t<\/div>\n\t\t<\/section>\n\t\t\t\t<\/div>\n\t\t","protected":false},"excerpt":{"rendered":"<p>Rietavo Mykolo Kleopo Oginskio meno mokyklos atestacijos komisija: 1. Jolita Budriuvien\u0117 \u2013 Rietavo Mykolo Kleopo Oginskio meno mokyklos direktoriaus pavaduotoja ugdymui, deleguota mokyklos tarybos (komisijos<\/p>\n<p><a href=\"https:\/\/rietavomenomokykla.lt\/index.php\/komisijos-darbo-grupes\/\" class=\"more-link\">Continue reading<span class=\"screen-reader-text\">Komisijos, darbo grup\u0117s<\/span><\/a><\/p>\n","protected":false},"author":1,"featured_media":0,"parent":0,"menu_order":0,"comment_status":"closed","ping_status":"closed","template":"","meta":{"_monsterinsights_skip_tracking":false,"_monsterinsights_sitenote_active":false,"_monsterinsights_sitenote_note":"","_monsterinsights_sitenote_category":0,"footnotes":""},"class_list":["post-29","page","type-page","status-publish","hentry"],"_links":{"self":[{"href":"https:\/\/rietavomenomokykla.lt\/index.php\/wp-json\/wp\/v2\/pages\/29","targetHints":{"allow":["GET"]}}],"collection":[{"href":"https:\/\/rietavomenomokykla.lt\/index.php\/wp-json\/wp\/v2\/pages"}],"about":[{"href":"https:\/\/rietavomenomokykla.lt\/index.php\/wp-json\/wp\/v2\/types\/page"}],"author":[{"embeddable":true,"href":"https:\/\/rietavomenomokykla.lt\/index.php\/wp-json\/wp\/v2\/users\/1"}],"replies":[{"embeddable":true,"href":"https:\/\/rietavomenomokykla.lt\/index.php\/wp-json\/wp\/v2\/comments?post=29"}],"version-history":[{"count":11,"href":"https:\/\/rietavomenomokykla.lt\/index.php\/wp-json\/wp\/v2\/pages\/29\/revisions"}],"predecessor-version":[{"id":4005,"href":"https:\/\/rietavomenomokykla.lt\/index.php\/wp-json\/wp\/v2\/pages\/29\/revisions\/4005"}],"wp:attachment":[{"href":"https:\/\/rietavomenomokykla.lt\/index.php\/wp-json\/wp\/v2\/media?parent=29"}],"curies":[{"name":"wp","href":"https:\/\/api.w.org\/{rel}","templated":true}]}}