{"id":33,"date":"2021-06-30T08:17:56","date_gmt":"2021-06-30T08:17:56","guid":{"rendered":"http:\/\/rietavomenomokykla.lt\/?page_id=33"},"modified":"2025-12-02T13:39:51","modified_gmt":"2025-12-02T13:39:51","slug":"muzika","status":"publish","type":"page","link":"https:\/\/rietavomenomokykla.lt\/index.php\/muzika\/","title":{"rendered":"Muzika"},"content":{"rendered":"\t\t<div data-elementor-type=\"wp-page\" data-elementor-id=\"33\" class=\"elementor elementor-33\" data-elementor-settings=\"{&quot;ha_cmc_init_switcher&quot;:&quot;no&quot;}\">\n\t\t\t\t\t\t<section class=\"elementor-section elementor-top-section elementor-element elementor-element-4d1ea895 elementor-section-boxed elementor-section-height-default elementor-section-height-default wpr-particle-no wpr-jarallax-no wpr-parallax-no wpr-sticky-section-no\" data-id=\"4d1ea895\" data-element_type=\"section\" data-e-type=\"section\" data-settings=\"{&quot;_ha_eqh_enable&quot;:false}\">\n\t\t\t\t\t\t<div class=\"elementor-container elementor-column-gap-default\">\n\t\t\t\t\t<div class=\"elementor-column elementor-col-100 elementor-top-column elementor-element elementor-element-330de8a9\" data-id=\"330de8a9\" data-element_type=\"column\" data-e-type=\"column\">\n\t\t\t<div class=\"elementor-widget-wrap elementor-element-populated\">\n\t\t\t\t\t\t<div class=\"elementor-element elementor-element-21b73e3e elementor-widget elementor-widget-text-editor\" data-id=\"21b73e3e\" data-element_type=\"widget\" data-e-type=\"widget\" data-widget_type=\"text-editor.default\">\n\t\t\t\t<div class=\"elementor-widget-container\">\n\t\t\t\t\t\t\t\t\t\n<p>\u016agtel\u0117jus vaikams da\u017enoje \u0161eimoje kyla klausimas \u2013 kuo m\u016bs\u0173 vaikas yra gabus. T\u0117vai suka galv\u0105, kuo u\u017eimti vaik\u0105, kaip lavinti jo gabumus.&nbsp;<\/p>\n\n\n\n<p>Rietavo Mykolo Kleopo Oginskio meno mokykla kvie\u010dia menui imlius ir gabius vaikus. Suteikiamos galimyb\u0117s mokytis muzikinio ugdymo programose.<\/p>\n\n\n\n<p><strong>Muzikos<\/strong>\u00a0programoje supa\u017eindinama su muzikinio ra\u0161to, solfed\u017eiavimo, muzikos istorijos pagrindais, mokoma groti pasirinktu instrumentu: fortepijonu, smuiku, gitara, akordeonu, kankl\u0117mis, \u012fvairiais pu\u010diamais instrumentais, lankyti solinio ar chorinio dainavimo klases.<br>Suteikiama galimyb\u0117 dalyvauti meno kolektyvuose.<\/p>\n\n\n\n<p><\/p>\n\t\t\t\t\t\t\t\t<\/div>\n\t\t\t\t<\/div>\n\t\t\t\t\t<\/div>\n\t\t<\/div>\n\t\t\t\t\t<\/div>\n\t\t<\/section>\n\t\t\t\t<section class=\"elementor-section elementor-top-section elementor-element elementor-element-7dc3214 elementor-section-boxed elementor-section-height-default elementor-section-height-default wpr-particle-no wpr-jarallax-no wpr-parallax-no wpr-sticky-section-no\" data-id=\"7dc3214\" data-element_type=\"section\" data-e-type=\"section\" data-settings=\"{&quot;_ha_eqh_enable&quot;:false}\">\n\t\t\t\t\t\t<div class=\"elementor-container elementor-column-gap-default\">\n\t\t\t\t\t<div class=\"elementor-column elementor-col-50 elementor-top-column elementor-element elementor-element-6168abd\" data-id=\"6168abd\" data-element_type=\"column\" data-e-type=\"column\">\n\t\t\t<div class=\"elementor-widget-wrap elementor-element-populated\">\n\t\t\t\t\t\t<div class=\"elementor-element elementor-element-5595e23 elementor-widget elementor-widget-image\" data-id=\"5595e23\" data-element_type=\"widget\" data-e-type=\"widget\" data-widget_type=\"image.default\">\n\t\t\t\t<div class=\"elementor-widget-container\">\n\t\t\t\t\t\t\t\t\t\t\t\t\t\t\t<img fetchpriority=\"high\" decoding=\"async\" width=\"880\" height=\"596\" src=\"https:\/\/rietavomenomokykla.lt\/wp-content\/uploads\/2021\/06\/Screenshot-2021-06-30-at-14.22.50-1024x694.png\" class=\"attachment-large size-large wp-image-122\" alt=\"\" srcset=\"https:\/\/rietavomenomokykla.lt\/wp-content\/uploads\/2021\/06\/Screenshot-2021-06-30-at-14.22.50-1024x694.png 1024w, https:\/\/rietavomenomokykla.lt\/wp-content\/uploads\/2021\/06\/Screenshot-2021-06-30-at-14.22.50-300x203.png 300w, https:\/\/rietavomenomokykla.lt\/wp-content\/uploads\/2021\/06\/Screenshot-2021-06-30-at-14.22.50-768x521.png 768w, https:\/\/rietavomenomokykla.lt\/wp-content\/uploads\/2021\/06\/Screenshot-2021-06-30-at-14.22.50.png 1451w\" sizes=\"(max-width: 880px) 100vw, 880px\" \/>\t\t\t\t\t\t\t\t\t\t\t\t\t\t\t<\/div>\n\t\t\t\t<\/div>\n\t\t\t\t\t<\/div>\n\t\t<\/div>\n\t\t\t\t<div class=\"elementor-column elementor-col-50 elementor-top-column elementor-element elementor-element-e08953d\" data-id=\"e08953d\" data-element_type=\"column\" data-e-type=\"column\">\n\t\t\t<div class=\"elementor-widget-wrap elementor-element-populated\">\n\t\t\t\t\t\t<div class=\"elementor-element elementor-element-9beaae7 elementor-widget elementor-widget-image\" data-id=\"9beaae7\" data-element_type=\"widget\" data-e-type=\"widget\" data-widget_type=\"image.default\">\n\t\t\t\t<div class=\"elementor-widget-container\">\n\t\t\t\t\t\t\t\t\t\t\t\t\t\t\t<img decoding=\"async\" width=\"880\" height=\"599\" src=\"https:\/\/rietavomenomokykla.lt\/wp-content\/uploads\/2021\/06\/Screenshot-2021-06-30-at-14.22.20-1024x697.png\" class=\"attachment-large size-large wp-image-121\" alt=\"\" srcset=\"https:\/\/rietavomenomokykla.lt\/wp-content\/uploads\/2021\/06\/Screenshot-2021-06-30-at-14.22.20-1024x697.png 1024w, https:\/\/rietavomenomokykla.lt\/wp-content\/uploads\/2021\/06\/Screenshot-2021-06-30-at-14.22.20-300x204.png 300w, https:\/\/rietavomenomokykla.lt\/wp-content\/uploads\/2021\/06\/Screenshot-2021-06-30-at-14.22.20-768x523.png 768w, https:\/\/rietavomenomokykla.lt\/wp-content\/uploads\/2021\/06\/Screenshot-2021-06-30-at-14.22.20.png 1441w\" sizes=\"(max-width: 880px) 100vw, 880px\" \/>\t\t\t\t\t\t\t\t\t\t\t\t\t\t\t<\/div>\n\t\t\t\t<\/div>\n\t\t\t\t\t<\/div>\n\t\t<\/div>\n\t\t\t\t\t<\/div>\n\t\t<\/section>\n\t\t\t\t<section class=\"elementor-section elementor-top-section elementor-element elementor-element-1f03d0b elementor-section-boxed elementor-section-height-default elementor-section-height-default wpr-particle-no wpr-jarallax-no wpr-parallax-no wpr-sticky-section-no\" data-id=\"1f03d0b\" data-element_type=\"section\" data-e-type=\"section\" data-settings=\"{&quot;_ha_eqh_enable&quot;:false}\">\n\t\t\t\t\t\t<div class=\"elementor-container elementor-column-gap-default\">\n\t\t\t\t\t<div class=\"elementor-column elementor-col-50 elementor-top-column elementor-element elementor-element-d5d75ac\" data-id=\"d5d75ac\" data-element_type=\"column\" data-e-type=\"column\">\n\t\t\t<div class=\"elementor-widget-wrap elementor-element-populated\">\n\t\t\t\t\t\t<div class=\"elementor-element elementor-element-53a3ae1 elementor-widget elementor-widget-image\" data-id=\"53a3ae1\" data-element_type=\"widget\" data-e-type=\"widget\" data-widget_type=\"image.default\">\n\t\t\t\t<div class=\"elementor-widget-container\">\n\t\t\t\t\t\t\t\t\t\t\t\t\t\t\t<img decoding=\"async\" width=\"880\" height=\"592\" src=\"https:\/\/rietavomenomokykla.lt\/wp-content\/uploads\/2021\/06\/Screenshot-2021-06-30-at-14.21.56-1024x689.png\" class=\"attachment-large size-large wp-image-120\" alt=\"\" srcset=\"https:\/\/rietavomenomokykla.lt\/wp-content\/uploads\/2021\/06\/Screenshot-2021-06-30-at-14.21.56-1024x689.png 1024w, https:\/\/rietavomenomokykla.lt\/wp-content\/uploads\/2021\/06\/Screenshot-2021-06-30-at-14.21.56-300x202.png 300w, https:\/\/rietavomenomokykla.lt\/wp-content\/uploads\/2021\/06\/Screenshot-2021-06-30-at-14.21.56-768x517.png 768w, https:\/\/rietavomenomokykla.lt\/wp-content\/uploads\/2021\/06\/Screenshot-2021-06-30-at-14.21.56.png 1451w\" sizes=\"(max-width: 880px) 100vw, 880px\" \/>\t\t\t\t\t\t\t\t\t\t\t\t\t\t\t<\/div>\n\t\t\t\t<\/div>\n\t\t\t\t\t<\/div>\n\t\t<\/div>\n\t\t\t\t<div class=\"elementor-column elementor-col-50 elementor-top-column elementor-element elementor-element-585c536\" data-id=\"585c536\" data-element_type=\"column\" data-e-type=\"column\">\n\t\t\t<div class=\"elementor-widget-wrap elementor-element-populated\">\n\t\t\t\t\t\t<div class=\"elementor-element elementor-element-a97c053 elementor-widget elementor-widget-image\" data-id=\"a97c053\" data-element_type=\"widget\" data-e-type=\"widget\" data-widget_type=\"image.default\">\n\t\t\t\t<div class=\"elementor-widget-container\">\n\t\t\t\t\t\t\t\t\t\t\t\t\t\t\t<img loading=\"lazy\" decoding=\"async\" width=\"880\" height=\"600\" src=\"https:\/\/rietavomenomokykla.lt\/wp-content\/uploads\/2021\/06\/Screenshot-2021-06-30-at-14.21.31-1024x698.png\" class=\"attachment-large size-large wp-image-119\" alt=\"\" srcset=\"https:\/\/rietavomenomokykla.lt\/wp-content\/uploads\/2021\/06\/Screenshot-2021-06-30-at-14.21.31-1024x698.png 1024w, https:\/\/rietavomenomokykla.lt\/wp-content\/uploads\/2021\/06\/Screenshot-2021-06-30-at-14.21.31-300x204.png 300w, https:\/\/rietavomenomokykla.lt\/wp-content\/uploads\/2021\/06\/Screenshot-2021-06-30-at-14.21.31-768x523.png 768w, https:\/\/rietavomenomokykla.lt\/wp-content\/uploads\/2021\/06\/Screenshot-2021-06-30-at-14.21.31.png 1448w\" sizes=\"(max-width: 880px) 100vw, 880px\" \/>\t\t\t\t\t\t\t\t\t\t\t\t\t\t\t<\/div>\n\t\t\t\t<\/div>\n\t\t\t\t\t<\/div>\n\t\t<\/div>\n\t\t\t\t\t<\/div>\n\t\t<\/section>\n\t\t\t\t<section class=\"elementor-section elementor-top-section elementor-element elementor-element-4305cdf elementor-section-boxed elementor-section-height-default elementor-section-height-default wpr-particle-no wpr-jarallax-no wpr-parallax-no wpr-sticky-section-no\" data-id=\"4305cdf\" data-element_type=\"section\" data-e-type=\"section\" data-settings=\"{&quot;_ha_eqh_enable&quot;:false}\">\n\t\t\t\t\t\t<div class=\"elementor-container elementor-column-gap-default\">\n\t\t\t\t\t<div class=\"elementor-column elementor-col-50 elementor-top-column elementor-element elementor-element-632fb7a\" data-id=\"632fb7a\" data-element_type=\"column\" data-e-type=\"column\">\n\t\t\t<div class=\"elementor-widget-wrap elementor-element-populated\">\n\t\t\t\t\t\t<div class=\"elementor-element elementor-element-2932219 elementor-widget elementor-widget-image\" data-id=\"2932219\" data-element_type=\"widget\" data-e-type=\"widget\" data-widget_type=\"image.default\">\n\t\t\t\t<div class=\"elementor-widget-container\">\n\t\t\t\t\t\t\t\t\t\t\t\t\t\t\t<img loading=\"lazy\" decoding=\"async\" width=\"880\" height=\"596\" src=\"https:\/\/rietavomenomokykla.lt\/wp-content\/uploads\/2021\/06\/Screenshot-2021-06-30-at-14.20.53-1024x694.png\" class=\"attachment-large size-large wp-image-118\" alt=\"\" srcset=\"https:\/\/rietavomenomokykla.lt\/wp-content\/uploads\/2021\/06\/Screenshot-2021-06-30-at-14.20.53-1024x694.png 1024w, https:\/\/rietavomenomokykla.lt\/wp-content\/uploads\/2021\/06\/Screenshot-2021-06-30-at-14.20.53-300x203.png 300w, https:\/\/rietavomenomokykla.lt\/wp-content\/uploads\/2021\/06\/Screenshot-2021-06-30-at-14.20.53-768x520.png 768w, https:\/\/rietavomenomokykla.lt\/wp-content\/uploads\/2021\/06\/Screenshot-2021-06-30-at-14.20.53.png 1448w\" sizes=\"(max-width: 880px) 100vw, 880px\" \/>\t\t\t\t\t\t\t\t\t\t\t\t\t\t\t<\/div>\n\t\t\t\t<\/div>\n\t\t\t\t\t<\/div>\n\t\t<\/div>\n\t\t\t\t<div class=\"elementor-column elementor-col-50 elementor-top-column elementor-element elementor-element-16cc5ca\" data-id=\"16cc5ca\" data-element_type=\"column\" data-e-type=\"column\">\n\t\t\t<div class=\"elementor-widget-wrap elementor-element-populated\">\n\t\t\t\t\t\t<div class=\"elementor-element elementor-element-cb2bec1 elementor-widget elementor-widget-image\" data-id=\"cb2bec1\" data-element_type=\"widget\" data-e-type=\"widget\" data-widget_type=\"image.default\">\n\t\t\t\t<div class=\"elementor-widget-container\">\n\t\t\t\t\t\t\t\t\t\t\t\t\t\t\t<img loading=\"lazy\" decoding=\"async\" width=\"880\" height=\"602\" src=\"https:\/\/rietavomenomokykla.lt\/wp-content\/uploads\/2021\/06\/Screenshot-2021-06-30-at-14.20.19-1024x701.png\" class=\"attachment-large size-large wp-image-117\" alt=\"\" srcset=\"https:\/\/rietavomenomokykla.lt\/wp-content\/uploads\/2021\/06\/Screenshot-2021-06-30-at-14.20.19-1024x701.png 1024w, https:\/\/rietavomenomokykla.lt\/wp-content\/uploads\/2021\/06\/Screenshot-2021-06-30-at-14.20.19-300x205.png 300w, https:\/\/rietavomenomokykla.lt\/wp-content\/uploads\/2021\/06\/Screenshot-2021-06-30-at-14.20.19-768x526.png 768w, https:\/\/rietavomenomokykla.lt\/wp-content\/uploads\/2021\/06\/Screenshot-2021-06-30-at-14.20.19.png 1451w\" sizes=\"(max-width: 880px) 100vw, 880px\" \/>\t\t\t\t\t\t\t\t\t\t\t\t\t\t\t<\/div>\n\t\t\t\t<\/div>\n\t\t\t\t\t<\/div>\n\t\t<\/div>\n\t\t\t\t\t<\/div>\n\t\t<\/section>\n\t\t\t\t<section class=\"elementor-section elementor-top-section elementor-element elementor-element-6f1c625 elementor-section-boxed elementor-section-height-default elementor-section-height-default wpr-particle-no wpr-jarallax-no wpr-parallax-no wpr-sticky-section-no\" data-id=\"6f1c625\" data-element_type=\"section\" data-e-type=\"section\" data-settings=\"{&quot;_ha_eqh_enable&quot;:false}\">\n\t\t\t\t\t\t<div class=\"elementor-container elementor-column-gap-default\">\n\t\t\t\t\t<div class=\"elementor-column elementor-col-50 elementor-top-column elementor-element elementor-element-00e8f5a\" data-id=\"00e8f5a\" data-element_type=\"column\" data-e-type=\"column\">\n\t\t\t<div class=\"elementor-widget-wrap elementor-element-populated\">\n\t\t\t\t\t\t<div class=\"elementor-element elementor-element-5722a67 elementor-widget elementor-widget-image\" data-id=\"5722a67\" data-element_type=\"widget\" data-e-type=\"widget\" data-widget_type=\"image.default\">\n\t\t\t\t<div class=\"elementor-widget-container\">\n\t\t\t\t\t\t\t\t\t\t\t\t\t\t\t<img loading=\"lazy\" decoding=\"async\" width=\"880\" height=\"600\" src=\"https:\/\/rietavomenomokykla.lt\/wp-content\/uploads\/2021\/06\/Screenshot-2021-06-30-at-14.19.45-1024x698.png\" class=\"attachment-large size-large wp-image-116\" alt=\"\" srcset=\"https:\/\/rietavomenomokykla.lt\/wp-content\/uploads\/2021\/06\/Screenshot-2021-06-30-at-14.19.45-1024x698.png 1024w, https:\/\/rietavomenomokykla.lt\/wp-content\/uploads\/2021\/06\/Screenshot-2021-06-30-at-14.19.45-300x205.png 300w, https:\/\/rietavomenomokykla.lt\/wp-content\/uploads\/2021\/06\/Screenshot-2021-06-30-at-14.19.45-768x524.png 768w, https:\/\/rietavomenomokykla.lt\/wp-content\/uploads\/2021\/06\/Screenshot-2021-06-30-at-14.19.45.png 1450w\" sizes=\"(max-width: 880px) 100vw, 880px\" \/>\t\t\t\t\t\t\t\t\t\t\t\t\t\t\t<\/div>\n\t\t\t\t<\/div>\n\t\t\t\t\t<\/div>\n\t\t<\/div>\n\t\t\t\t<div class=\"elementor-column elementor-col-50 elementor-top-column elementor-element elementor-element-65f1b7f\" data-id=\"65f1b7f\" data-element_type=\"column\" data-e-type=\"column\">\n\t\t\t<div class=\"elementor-widget-wrap elementor-element-populated\">\n\t\t\t\t\t\t<div class=\"elementor-element elementor-element-c898ccb elementor-widget elementor-widget-image\" data-id=\"c898ccb\" data-element_type=\"widget\" data-e-type=\"widget\" data-widget_type=\"image.default\">\n\t\t\t\t<div class=\"elementor-widget-container\">\n\t\t\t\t\t\t\t\t\t\t\t\t\t\t\t<img loading=\"lazy\" decoding=\"async\" width=\"880\" height=\"596\" src=\"https:\/\/rietavomenomokykla.lt\/wp-content\/uploads\/2021\/06\/Screenshot-2021-06-30-at-14.19.04-1024x694.png\" class=\"attachment-large size-large wp-image-115\" alt=\"\" srcset=\"https:\/\/rietavomenomokykla.lt\/wp-content\/uploads\/2021\/06\/Screenshot-2021-06-30-at-14.19.04-1024x694.png 1024w, https:\/\/rietavomenomokykla.lt\/wp-content\/uploads\/2021\/06\/Screenshot-2021-06-30-at-14.19.04-300x203.png 300w, https:\/\/rietavomenomokykla.lt\/wp-content\/uploads\/2021\/06\/Screenshot-2021-06-30-at-14.19.04-768x520.png 768w, https:\/\/rietavomenomokykla.lt\/wp-content\/uploads\/2021\/06\/Screenshot-2021-06-30-at-14.19.04.png 1452w\" sizes=\"(max-width: 880px) 100vw, 880px\" \/>\t\t\t\t\t\t\t\t\t\t\t\t\t\t\t<\/div>\n\t\t\t\t<\/div>\n\t\t\t\t\t<\/div>\n\t\t<\/div>\n\t\t\t\t\t<\/div>\n\t\t<\/section>\n\t\t\t\t<section class=\"elementor-section elementor-top-section elementor-element elementor-element-662ffa2 elementor-section-boxed elementor-section-height-default elementor-section-height-default wpr-particle-no wpr-jarallax-no wpr-parallax-no wpr-sticky-section-no\" data-id=\"662ffa2\" data-element_type=\"section\" data-e-type=\"section\" data-settings=\"{&quot;_ha_eqh_enable&quot;:false}\">\n\t\t\t\t\t\t<div class=\"elementor-container elementor-column-gap-default\">\n\t\t\t\t\t<div class=\"elementor-column elementor-col-50 elementor-top-column elementor-element elementor-element-9884113\" data-id=\"9884113\" data-element_type=\"column\" data-e-type=\"column\">\n\t\t\t<div class=\"elementor-widget-wrap elementor-element-populated\">\n\t\t\t\t\t\t<div class=\"elementor-element elementor-element-e0409c9 elementor-widget elementor-widget-image\" data-id=\"e0409c9\" data-element_type=\"widget\" data-e-type=\"widget\" data-widget_type=\"image.default\">\n\t\t\t\t<div class=\"elementor-widget-container\">\n\t\t\t\t\t\t\t\t\t\t\t\t\t\t\t<img loading=\"lazy\" decoding=\"async\" width=\"880\" height=\"604\" src=\"https:\/\/rietavomenomokykla.lt\/wp-content\/uploads\/2021\/06\/Screenshot-2021-06-30-at-14.17.55-1024x703.png\" class=\"attachment-large size-large wp-image-113\" alt=\"\" srcset=\"https:\/\/rietavomenomokykla.lt\/wp-content\/uploads\/2021\/06\/Screenshot-2021-06-30-at-14.17.55-1024x703.png 1024w, https:\/\/rietavomenomokykla.lt\/wp-content\/uploads\/2021\/06\/Screenshot-2021-06-30-at-14.17.55-300x206.png 300w, https:\/\/rietavomenomokykla.lt\/wp-content\/uploads\/2021\/06\/Screenshot-2021-06-30-at-14.17.55-768x528.png 768w, https:\/\/rietavomenomokykla.lt\/wp-content\/uploads\/2021\/06\/Screenshot-2021-06-30-at-14.17.55.png 1444w\" sizes=\"(max-width: 880px) 100vw, 880px\" \/>\t\t\t\t\t\t\t\t\t\t\t\t\t\t\t<\/div>\n\t\t\t\t<\/div>\n\t\t\t\t\t<\/div>\n\t\t<\/div>\n\t\t\t\t<div class=\"elementor-column elementor-col-50 elementor-top-column elementor-element elementor-element-142f895\" data-id=\"142f895\" data-element_type=\"column\" data-e-type=\"column\">\n\t\t\t<div class=\"elementor-widget-wrap elementor-element-populated\">\n\t\t\t\t\t\t<div class=\"elementor-element elementor-element-0c009ca elementor-widget elementor-widget-image\" data-id=\"0c009ca\" data-element_type=\"widget\" data-e-type=\"widget\" data-widget_type=\"image.default\">\n\t\t\t\t<div class=\"elementor-widget-container\">\n\t\t\t\t\t\t\t\t\t\t\t\t\t\t\t<img loading=\"lazy\" decoding=\"async\" width=\"880\" height=\"604\" src=\"https:\/\/rietavomenomokykla.lt\/wp-content\/uploads\/2021\/06\/Screenshot-2021-06-30-at-14.17.22-1024x703.png\" class=\"attachment-large size-large wp-image-112\" alt=\"\" srcset=\"https:\/\/rietavomenomokykla.lt\/wp-content\/uploads\/2021\/06\/Screenshot-2021-06-30-at-14.17.22-1024x703.png 1024w, https:\/\/rietavomenomokykla.lt\/wp-content\/uploads\/2021\/06\/Screenshot-2021-06-30-at-14.17.22-300x206.png 300w, https:\/\/rietavomenomokykla.lt\/wp-content\/uploads\/2021\/06\/Screenshot-2021-06-30-at-14.17.22-768x528.png 768w, https:\/\/rietavomenomokykla.lt\/wp-content\/uploads\/2021\/06\/Screenshot-2021-06-30-at-14.17.22.png 1450w\" sizes=\"(max-width: 880px) 100vw, 880px\" \/>\t\t\t\t\t\t\t\t\t\t\t\t\t\t\t<\/div>\n\t\t\t\t<\/div>\n\t\t\t\t\t<\/div>\n\t\t<\/div>\n\t\t\t\t\t<\/div>\n\t\t<\/section>\n\t\t\t\t<section class=\"elementor-section elementor-top-section elementor-element elementor-element-aaee272 elementor-section-boxed elementor-section-height-default elementor-section-height-default wpr-particle-no wpr-jarallax-no wpr-parallax-no wpr-sticky-section-no\" data-id=\"aaee272\" data-element_type=\"section\" data-e-type=\"section\" data-settings=\"{&quot;_ha_eqh_enable&quot;:false}\">\n\t\t\t\t\t\t<div class=\"elementor-container elementor-column-gap-default\">\n\t\t\t\t\t<div class=\"elementor-column elementor-col-50 elementor-top-column elementor-element elementor-element-41050f2\" data-id=\"41050f2\" data-element_type=\"column\" data-e-type=\"column\">\n\t\t\t<div class=\"elementor-widget-wrap elementor-element-populated\">\n\t\t\t\t\t\t<div class=\"elementor-element elementor-element-646208a elementor-widget elementor-widget-image\" data-id=\"646208a\" data-element_type=\"widget\" data-e-type=\"widget\" data-widget_type=\"image.default\">\n\t\t\t\t<div class=\"elementor-widget-container\">\n\t\t\t\t\t\t\t\t\t\t\t\t\t\t\t<img loading=\"lazy\" decoding=\"async\" width=\"880\" height=\"600\" src=\"https:\/\/rietavomenomokykla.lt\/wp-content\/uploads\/2021\/06\/Screenshot-2021-06-30-at-14.16.37-1024x698.png\" class=\"attachment-large size-large wp-image-111\" alt=\"\" srcset=\"https:\/\/rietavomenomokykla.lt\/wp-content\/uploads\/2021\/06\/Screenshot-2021-06-30-at-14.16.37-1024x698.png 1024w, https:\/\/rietavomenomokykla.lt\/wp-content\/uploads\/2021\/06\/Screenshot-2021-06-30-at-14.16.37-300x205.png 300w, https:\/\/rietavomenomokykla.lt\/wp-content\/uploads\/2021\/06\/Screenshot-2021-06-30-at-14.16.37-768x524.png 768w, https:\/\/rietavomenomokykla.lt\/wp-content\/uploads\/2021\/06\/Screenshot-2021-06-30-at-14.16.37.png 1449w\" sizes=\"(max-width: 880px) 100vw, 880px\" \/>\t\t\t\t\t\t\t\t\t\t\t\t\t\t\t<\/div>\n\t\t\t\t<\/div>\n\t\t\t\t\t<\/div>\n\t\t<\/div>\n\t\t\t\t<div class=\"elementor-column elementor-col-50 elementor-top-column elementor-element elementor-element-6a5ea47\" data-id=\"6a5ea47\" data-element_type=\"column\" data-e-type=\"column\">\n\t\t\t<div class=\"elementor-widget-wrap elementor-element-populated\">\n\t\t\t\t\t\t<div class=\"elementor-element elementor-element-fcd708b elementor-widget elementor-widget-image\" data-id=\"fcd708b\" data-element_type=\"widget\" data-e-type=\"widget\" data-widget_type=\"image.default\">\n\t\t\t\t<div class=\"elementor-widget-container\">\n\t\t\t\t\t\t\t\t\t\t\t\t\t\t\t<img loading=\"lazy\" decoding=\"async\" width=\"880\" height=\"599\" src=\"https:\/\/rietavomenomokykla.lt\/wp-content\/uploads\/2021\/06\/Screenshot-2021-06-30-at-14.15.58-1024x697.png\" class=\"attachment-large size-large wp-image-110\" alt=\"\" srcset=\"https:\/\/rietavomenomokykla.lt\/wp-content\/uploads\/2021\/06\/Screenshot-2021-06-30-at-14.15.58-1024x697.png 1024w, https:\/\/rietavomenomokykla.lt\/wp-content\/uploads\/2021\/06\/Screenshot-2021-06-30-at-14.15.58-300x204.png 300w, https:\/\/rietavomenomokykla.lt\/wp-content\/uploads\/2021\/06\/Screenshot-2021-06-30-at-14.15.58-768x523.png 768w, https:\/\/rietavomenomokykla.lt\/wp-content\/uploads\/2021\/06\/Screenshot-2021-06-30-at-14.15.58.png 1454w\" sizes=\"(max-width: 880px) 100vw, 880px\" \/>\t\t\t\t\t\t\t\t\t\t\t\t\t\t\t<\/div>\n\t\t\t\t<\/div>\n\t\t\t\t\t<\/div>\n\t\t<\/div>\n\t\t\t\t\t<\/div>\n\t\t<\/section>\n\t\t\t\t<section class=\"elementor-section elementor-top-section elementor-element elementor-element-d787b46 elementor-section-boxed elementor-section-height-default elementor-section-height-default wpr-particle-no wpr-jarallax-no wpr-parallax-no wpr-sticky-section-no\" data-id=\"d787b46\" data-element_type=\"section\" data-e-type=\"section\" data-settings=\"{&quot;_ha_eqh_enable&quot;:false}\">\n\t\t\t\t\t\t<div class=\"elementor-container elementor-column-gap-default\">\n\t\t\t\t\t<div class=\"elementor-column elementor-col-50 elementor-top-column elementor-element elementor-element-bcd1c0b\" data-id=\"bcd1c0b\" data-element_type=\"column\" data-e-type=\"column\">\n\t\t\t<div class=\"elementor-widget-wrap elementor-element-populated\">\n\t\t\t\t\t\t<div class=\"elementor-element elementor-element-75acf0f elementor-widget elementor-widget-image\" data-id=\"75acf0f\" data-element_type=\"widget\" data-e-type=\"widget\" data-widget_type=\"image.default\">\n\t\t\t\t<div class=\"elementor-widget-container\">\n\t\t\t\t\t\t\t\t\t\t\t\t\t\t\t<img loading=\"lazy\" decoding=\"async\" width=\"880\" height=\"568\" src=\"https:\/\/rietavomenomokykla.lt\/wp-content\/uploads\/2021\/06\/Screenshot-2021-06-30-at-14.15.12-1024x661.png\" class=\"attachment-large size-large wp-image-109\" alt=\"\" srcset=\"https:\/\/rietavomenomokykla.lt\/wp-content\/uploads\/2021\/06\/Screenshot-2021-06-30-at-14.15.12-1024x661.png 1024w, https:\/\/rietavomenomokykla.lt\/wp-content\/uploads\/2021\/06\/Screenshot-2021-06-30-at-14.15.12-300x194.png 300w, https:\/\/rietavomenomokykla.lt\/wp-content\/uploads\/2021\/06\/Screenshot-2021-06-30-at-14.15.12-768x496.png 768w, https:\/\/rietavomenomokykla.lt\/wp-content\/uploads\/2021\/06\/Screenshot-2021-06-30-at-14.15.12.png 1454w\" sizes=\"(max-width: 880px) 100vw, 880px\" \/>\t\t\t\t\t\t\t\t\t\t\t\t\t\t\t<\/div>\n\t\t\t\t<\/div>\n\t\t\t\t\t<\/div>\n\t\t<\/div>\n\t\t\t\t<div class=\"elementor-column elementor-col-50 elementor-top-column elementor-element elementor-element-9aed53b\" data-id=\"9aed53b\" data-element_type=\"column\" data-e-type=\"column\">\n\t\t\t<div class=\"elementor-widget-wrap\">\n\t\t\t\t\t\t\t<\/div>\n\t\t<\/div>\n\t\t\t\t\t<\/div>\n\t\t<\/section>\n\t\t\t\t<\/div>\n\t\t","protected":false},"excerpt":{"rendered":"<p>\u016agtel\u0117jus vaikams da\u017enoje \u0161eimoje kyla klausimas \u2013 kuo m\u016bs\u0173 vaikas yra gabus. T\u0117vai suka galv\u0105, kuo u\u017eimti vaik\u0105, kaip lavinti jo gabumus.&nbsp; Rietavo Mykolo Kleopo<\/p>\n<p><a href=\"https:\/\/rietavomenomokykla.lt\/index.php\/muzika\/\" class=\"more-link\">Continue reading<span class=\"screen-reader-text\">Muzika<\/span><\/a><\/p>\n","protected":false},"author":1,"featured_media":0,"parent":0,"menu_order":0,"comment_status":"closed","ping_status":"closed","template":"","meta":{"_monsterinsights_skip_tracking":false,"_monsterinsights_sitenote_active":false,"_monsterinsights_sitenote_note":"","_monsterinsights_sitenote_category":0,"footnotes":""},"class_list":["post-33","page","type-page","status-publish","hentry"],"_links":{"self":[{"href":"https:\/\/rietavomenomokykla.lt\/index.php\/wp-json\/wp\/v2\/pages\/33","targetHints":{"allow":["GET"]}}],"collection":[{"href":"https:\/\/rietavomenomokykla.lt\/index.php\/wp-json\/wp\/v2\/pages"}],"about":[{"href":"https:\/\/rietavomenomokykla.lt\/index.php\/wp-json\/wp\/v2\/types\/page"}],"author":[{"embeddable":true,"href":"https:\/\/rietavomenomokykla.lt\/index.php\/wp-json\/wp\/v2\/users\/1"}],"replies":[{"embeddable":true,"href":"https:\/\/rietavomenomokykla.lt\/index.php\/wp-json\/wp\/v2\/comments?post=33"}],"version-history":[{"count":27,"href":"https:\/\/rietavomenomokykla.lt\/index.php\/wp-json\/wp\/v2\/pages\/33\/revisions"}],"predecessor-version":[{"id":4007,"href":"https:\/\/rietavomenomokykla.lt\/index.php\/wp-json\/wp\/v2\/pages\/33\/revisions\/4007"}],"wp:attachment":[{"href":"https:\/\/rietavomenomokykla.lt\/index.php\/wp-json\/wp\/v2\/media?parent=33"}],"curies":[{"name":"wp","href":"https:\/\/api.w.org\/{rel}","templated":true}]}}