{"id":36,"date":"2021-06-30T08:19:34","date_gmt":"2021-06-30T08:19:34","guid":{"rendered":"http:\/\/rietavomenomokykla.lt\/?page_id=36"},"modified":"2025-12-02T12:50:56","modified_gmt":"2025-12-02T12:50:56","slug":"daile","status":"publish","type":"page","link":"https:\/\/rietavomenomokykla.lt\/index.php\/daile\/","title":{"rendered":"Dail\u0117"},"content":{"rendered":"\t\t<div data-elementor-type=\"wp-page\" data-elementor-id=\"36\" class=\"elementor elementor-36\" data-elementor-settings=\"{&quot;ha_cmc_init_switcher&quot;:&quot;no&quot;}\">\n\t\t\t\t\t\t<section class=\"elementor-section elementor-top-section elementor-element elementor-element-4d30f3cf elementor-section-boxed elementor-section-height-default elementor-section-height-default wpr-particle-no wpr-jarallax-no wpr-parallax-no wpr-sticky-section-no\" data-id=\"4d30f3cf\" data-element_type=\"section\" data-e-type=\"section\" data-settings=\"{&quot;_ha_eqh_enable&quot;:false}\">\n\t\t\t\t\t\t<div class=\"elementor-container elementor-column-gap-default\">\n\t\t\t\t\t<div class=\"elementor-column elementor-col-100 elementor-top-column elementor-element elementor-element-209f7333\" data-id=\"209f7333\" data-element_type=\"column\" data-e-type=\"column\">\n\t\t\t<div class=\"elementor-widget-wrap elementor-element-populated\">\n\t\t\t\t\t\t<div class=\"elementor-element elementor-element-3a954451 elementor-widget elementor-widget-text-editor\" data-id=\"3a954451\" data-element_type=\"widget\" data-e-type=\"widget\" data-widget_type=\"text-editor.default\">\n\t\t\t\t<div class=\"elementor-widget-container\">\n\t\t\t\t\t\t\t\t\t\n<p>2009&nbsp;m. rugs\u0117jo 1&nbsp;d. Rietavo Mykolo Kleopo Oginskio meno mokykloje \u012fkurta nauja specialyb\u0117 &#8211; dail\u0117. Dail\u0117s pamokas veda mokytojas Tomas Danilevi\u010dius, Vilniaus Dail\u0117s Akademijos magistrantas, Plung\u0117s LIONS klubo narys, Plung\u0117je dizaino studijos \u012fk\u016br\u0117jas.<\/p>\n\n\n\n<p>Nuo 2011 m. rugs\u0117jo m\u0117n. dail\u0117s mokytoja pradeda dirbti ir &nbsp;Stanislava \u0160arkauskait\u0117.<\/p>\n\t\t\t\t\t\t\t\t<\/div>\n\t\t\t\t<\/div>\n\t\t\t\t\t<\/div>\n\t\t<\/div>\n\t\t\t\t\t<\/div>\n\t\t<\/section>\n\t\t\t\t<section class=\"elementor-section elementor-top-section elementor-element elementor-element-7032c41 elementor-section-boxed elementor-section-height-default elementor-section-height-default wpr-particle-no wpr-jarallax-no wpr-parallax-no wpr-sticky-section-no\" data-id=\"7032c41\" data-element_type=\"section\" data-e-type=\"section\" data-settings=\"{&quot;_ha_eqh_enable&quot;:false}\">\n\t\t\t\t\t\t<div class=\"elementor-container elementor-column-gap-default\">\n\t\t\t\t\t<div class=\"elementor-column elementor-col-50 elementor-top-column elementor-element elementor-element-8715c6e\" data-id=\"8715c6e\" data-element_type=\"column\" data-e-type=\"column\">\n\t\t\t<div class=\"elementor-widget-wrap elementor-element-populated\">\n\t\t\t\t\t\t<div class=\"elementor-element elementor-element-5a17516 elementor-widget elementor-widget-image\" data-id=\"5a17516\" data-element_type=\"widget\" data-e-type=\"widget\" data-widget_type=\"image.default\">\n\t\t\t\t<div class=\"elementor-widget-container\">\n\t\t\t\t\t\t\t\t\t\t\t\t\t\t\t<img fetchpriority=\"high\" decoding=\"async\" width=\"880\" height=\"596\" src=\"https:\/\/rietavomenomokykla.lt\/wp-content\/uploads\/2021\/06\/Screenshot-2021-06-30-at-14.10.56-1024x694.png\" class=\"attachment-large size-large wp-image-103\" alt=\"\" srcset=\"https:\/\/rietavomenomokykla.lt\/wp-content\/uploads\/2021\/06\/Screenshot-2021-06-30-at-14.10.56-1024x694.png 1024w, https:\/\/rietavomenomokykla.lt\/wp-content\/uploads\/2021\/06\/Screenshot-2021-06-30-at-14.10.56-300x203.png 300w, https:\/\/rietavomenomokykla.lt\/wp-content\/uploads\/2021\/06\/Screenshot-2021-06-30-at-14.10.56-768x520.png 768w, https:\/\/rietavomenomokykla.lt\/wp-content\/uploads\/2021\/06\/Screenshot-2021-06-30-at-14.10.56.png 1452w\" sizes=\"(max-width: 880px) 100vw, 880px\" \/>\t\t\t\t\t\t\t\t\t\t\t\t\t\t\t<\/div>\n\t\t\t\t<\/div>\n\t\t\t\t\t<\/div>\n\t\t<\/div>\n\t\t\t\t<div class=\"elementor-column elementor-col-50 elementor-top-column elementor-element elementor-element-701a96b\" data-id=\"701a96b\" data-element_type=\"column\" data-e-type=\"column\">\n\t\t\t<div class=\"elementor-widget-wrap elementor-element-populated\">\n\t\t\t\t\t\t<div class=\"elementor-element elementor-element-bdeba1e elementor-widget elementor-widget-image\" data-id=\"bdeba1e\" data-element_type=\"widget\" data-e-type=\"widget\" data-widget_type=\"image.default\">\n\t\t\t\t<div class=\"elementor-widget-container\">\n\t\t\t\t\t\t\t\t\t\t\t\t\t\t\t<img decoding=\"async\" width=\"880\" height=\"598\" src=\"https:\/\/rietavomenomokykla.lt\/wp-content\/uploads\/2021\/06\/Screenshot-2021-06-30-at-14.11.29-1024x696.png\" class=\"attachment-large size-large wp-image-104\" alt=\"\" srcset=\"https:\/\/rietavomenomokykla.lt\/wp-content\/uploads\/2021\/06\/Screenshot-2021-06-30-at-14.11.29-1024x696.png 1024w, https:\/\/rietavomenomokykla.lt\/wp-content\/uploads\/2021\/06\/Screenshot-2021-06-30-at-14.11.29-300x204.png 300w, https:\/\/rietavomenomokykla.lt\/wp-content\/uploads\/2021\/06\/Screenshot-2021-06-30-at-14.11.29-768x522.png 768w, https:\/\/rietavomenomokykla.lt\/wp-content\/uploads\/2021\/06\/Screenshot-2021-06-30-at-14.11.29.png 1449w\" sizes=\"(max-width: 880px) 100vw, 880px\" \/>\t\t\t\t\t\t\t\t\t\t\t\t\t\t\t<\/div>\n\t\t\t\t<\/div>\n\t\t\t\t\t<\/div>\n\t\t<\/div>\n\t\t\t\t\t<\/div>\n\t\t<\/section>\n\t\t\t\t<\/div>\n\t\t","protected":false},"excerpt":{"rendered":"<p>2009&nbsp;m. rugs\u0117jo 1&nbsp;d. Rietavo Mykolo Kleopo Oginskio meno mokykloje \u012fkurta nauja specialyb\u0117 &#8211; dail\u0117. Dail\u0117s pamokas veda mokytojas Tomas Danilevi\u010dius, Vilniaus Dail\u0117s Akademijos magistrantas, Plung\u0117s<\/p>\n<p><a href=\"https:\/\/rietavomenomokykla.lt\/index.php\/daile\/\" class=\"more-link\">Continue reading<span class=\"screen-reader-text\">Dail\u0117<\/span><\/a><\/p>\n","protected":false},"author":1,"featured_media":0,"parent":0,"menu_order":0,"comment_status":"closed","ping_status":"closed","template":"","meta":{"_monsterinsights_skip_tracking":false,"_monsterinsights_sitenote_active":false,"_monsterinsights_sitenote_note":"","_monsterinsights_sitenote_category":0,"footnotes":""},"class_list":["post-36","page","type-page","status-publish","hentry"],"_links":{"self":[{"href":"https:\/\/rietavomenomokykla.lt\/index.php\/wp-json\/wp\/v2\/pages\/36","targetHints":{"allow":["GET"]}}],"collection":[{"href":"https:\/\/rietavomenomokykla.lt\/index.php\/wp-json\/wp\/v2\/pages"}],"about":[{"href":"https:\/\/rietavomenomokykla.lt\/index.php\/wp-json\/wp\/v2\/types\/page"}],"author":[{"embeddable":true,"href":"https:\/\/rietavomenomokykla.lt\/index.php\/wp-json\/wp\/v2\/users\/1"}],"replies":[{"embeddable":true,"href":"https:\/\/rietavomenomokykla.lt\/index.php\/wp-json\/wp\/v2\/comments?post=36"}],"version-history":[{"count":11,"href":"https:\/\/rietavomenomokykla.lt\/index.php\/wp-json\/wp\/v2\/pages\/36\/revisions"}],"predecessor-version":[{"id":4008,"href":"https:\/\/rietavomenomokykla.lt\/index.php\/wp-json\/wp\/v2\/pages\/36\/revisions\/4008"}],"wp:attachment":[{"href":"https:\/\/rietavomenomokykla.lt\/index.php\/wp-json\/wp\/v2\/media?parent=36"}],"curies":[{"name":"wp","href":"https:\/\/api.w.org\/{rel}","templated":true}]}}